{"id":104,"date":"2016-02-15T04:00:49","date_gmt":"2016-02-15T03:00:49","guid":{"rendered":"http:\/\/ugl-muenchhausen.de\/?page_id=104"},"modified":"2021-02-24T02:00:17","modified_gmt":"2021-02-24T01:00:17","slug":"windkraft-in-muenchhausen","status":"publish","type":"page","link":"https:\/\/ugl-muenchhausen.de\/?page_id=104","title":{"rendered":"Windkraft in M\u00fcnchhausen"},"content":{"rendered":"<p><strong>Verantwortlich handeln hei\u00dft f\u00fcr uns auch &#8230;<\/strong><\/p>\n<p><strong>&#8230; mit der Windenergie einen Beitrag zu Klimaschutz und Energiewende leisten, ohne unsere Landschaft zu zerst\u00f6ren<\/strong><\/p>\n<p>1996 wurden die ersten Windkraftanlagen in der Nachbargemarkung Ernsthausen errichtet. An diesen Anblick hatten wir uns bald gew\u00f6hnt. Mit der erstmaligen Ausweisung von Vorranggebieten f\u00fcr die Windkraft im Regionalplan Mittelhessen in 2001 begann auch in M\u00fcnchhausen die Diskussion \u00fcber Windr\u00e4der. Die schleppte sich ohne konkrete Auswirkungen hin bis zum Regionalplan 2008. Es entstand Interesse, dass in der Gemarkung Wollmar angrenzend an die Anlagen von Ernsthausen Windkraftanlagen entstehen, nachdem dieses Gebiet im Regionalplan als geeignet befunden wurde. Die Akzeptanz in der Bev\u00f6lkerung war da, die Waldinteressenten wollten Standorte zur Verf\u00fcgung stellen, Privatinvestoren waren bereit, zu investieren &#8211; entweder \u00fcber Genossenschaften oder Anteilsscheine bei den Stadtwerken Marburg, die Interesse am Betrieb einiger Anlagen hatten.<\/p>\n<p>Wie wir wissen, ist bis heute nichts daraus geworden, in Ernsthausen (das zum Planungsbereich Nordhessen geh\u00f6rt) sind zwar inzwischen neue Anlagen hinzugekommen &#8211; der Standort in der angrenzenden Gemarkung Wollmar wurde verworfen. Im n\u00e4chsten Entwurf des Regionalplans Mittelhessen 2013 tauchte das Vorranggebiet nicht mehr auf und ist bis heute (<a href=\"https:\/\/rp-giessen.hessen.de\/planung\/regionalplanung\/teilregionalplan-energie-mittelhessen\/entwurf-teilregionalplan-2015\" target=\"_blank\" rel=\"noopener\">letzter Entwurf 2015<\/a>) verschwunden. Daf\u00fcr m\u00fcssen wir uns mit neuen Vorranggebieten besch\u00e4ftigen: westlich von Oberasphe \u00fcbergreifend in die Gemarkung Dexbach und westlich von Niederasphe, \u00fcbergreifend in die Gemarkungen Engelbach und Treisbach. Au\u00dferdem ein gro\u00dfes Gebiet mitten in der Gro\u00dfgemeinde zwischen allen Ortsteilen (siehe <a href=\"https:\/\/ugl-muenchhausen.de\/wp-content\/uploads\/2016\/02\/Teilregionalplan-Energie-M\u00fcnchhausen.jpg\" target=\"_blank\" rel=\"noopener\">Grafik<\/a>, rot schraffierte Bereiche). Nahezu uneingeschr\u00e4nkte Akzeptanz gibt es nur f\u00fcr das Gebiet bei Oberasphe. Das Gebiet westlich Niederasphe wird strikt abgelehnt, beim dritten Gebiet ist die Zustimmung uneinheitlich.<\/p>\n<p>Dies zeigt die Grundproblematik der Entwicklung von Konzepten f\u00fcr erneuerbare Energien auf: man ben\u00f6tigt ein nachhaltiges Konzept, das einen Ausgleich unterschiedlichster Interessen beinhaltet. Investoren wollen Rendite, Natursch\u00fctzer f\u00fcrchten um die Umwelt, Anlieger wollen keine Verschlechterung der Wohnqualit\u00e4t. Das sind aber nur die unmittelbaren Probleme. Die Erzeugung erneuerbarer Energie ist noch lange nicht in ein Gesamtkonzept eingebunden. Noch immer fehlen effektive M\u00f6glichkeiten der Energiespeicherung und des Stromtransportes, so dass Windr\u00e4der bei starkem Wind abgeschaltet werden m\u00fcssen und der \u00fcbersch\u00fcssige Strom unter Preis ins Ausland verkauft werden muss.<\/p>\n<p>Die UGL unterst\u00fctzt die Bem\u00fchungen f\u00fcr Klimaschutz und Energiewende, fordert jedoch Augenma\u00df und Verh\u00e4ltnism\u00e4\u00dfigkeit. Interessen der Bev\u00f6lkerung und das Landschaftsbild d\u00fcrfen nicht der Rendite geopfert werden.<\/p>\n<p>Nachdem das Gebiet bei Wollmar weggefallen war, hat sich die UGL f\u00fcr das Gebiet bei Oberasphe ausgesprochen. Nach neuesten Informationen ist eine Errichtung von Windkraftanlagen in diesem Bereich nach den aktuellen Entwicklungen von Planung und Gesetzeslage in absehbarer Zeit nicht zu erwarten. Wenn also M\u00fcnchhausen in die Windkraftnutzung einsteigen will, bleibt nur das Gebiet mitten in der Gro\u00dfgemeinde.<\/p>\n<p>Zum Thema Energiewende gibt es auch einen <a href=\"https:\/\/ugl-muenchhausen.de\/?p=35\">Beitrag<\/a> im Archiv aus dem Jahr 2012.<\/p>\n","protected":false},"excerpt":{"rendered":"<p>Verantwortlich handeln hei\u00dft f\u00fcr uns auch &#8230; &#8230; mit der Windenergie einen Beitrag zu Klimaschutz und Energiewende leisten, ohne unsere Landschaft zu zerst\u00f6ren 1996 wurden die ersten Windkraftanlagen in der Nachbargemarkung Ernsthausen errichtet. An diesen Anblick hatten wir uns bald gew\u00f6hnt. Mit der erstmaligen Ausweisung von Vorranggebieten f\u00fcr die Windkraft im Regionalplan Mittelhessen in 2001 [&hellip;]<\/p>\n","protected":false},"author":1,"featured_media":0,"parent":102,"menu_order":0,"comment_status":"closed","ping_status":"closed","template":"","meta":{"footnotes":""},"categories":[],"tags":[],"class_list":["post-104","page","type-page","status-publish","hentry"],"_links":{"self":[{"href":"https:\/\/ugl-muenchhausen.de\/index.php?rest_route=\/wp\/v2\/pages\/104","targetHints":{"allow":["GET"]}}],"collection":[{"href":"https:\/\/ugl-muenchhausen.de\/index.php?rest_route=\/wp\/v2\/pages"}],"about":[{"href":"https:\/\/ugl-muenchhausen.de\/index.php?rest_route=\/wp\/v2\/types\/page"}],"author":[{"embeddable":true,"href":"https:\/\/ugl-muenchhausen.de\/index.php?rest_route=\/wp\/v2\/users\/1"}],"replies":[{"embeddable":true,"href":"https:\/\/ugl-muenchhausen.de\/index.php?rest_route=%2Fwp%2Fv2%2Fcomments&post=104"}],"version-history":[{"count":7,"href":"https:\/\/ugl-muenchhausen.de\/index.php?rest_route=\/wp\/v2\/pages\/104\/revisions"}],"predecessor-version":[{"id":614,"href":"https:\/\/ugl-muenchhausen.de\/index.php?rest_route=\/wp\/v2\/pages\/104\/revisions\/614"}],"up":[{"embeddable":true,"href":"https:\/\/ugl-muenchhausen.de\/index.php?rest_route=\/wp\/v2\/pages\/102"}],"wp:attachment":[{"href":"https:\/\/ugl-muenchhausen.de\/index.php?rest_route=%2Fwp%2Fv2%2Fmedia&parent=104"}],"wp:term":[{"taxonomy":"category","embeddable":true,"href":"https:\/\/ugl-muenchhausen.de\/index.php?rest_route=%2Fwp%2Fv2%2Fcategories&post=104"},{"taxonomy":"post_tag","embeddable":true,"href":"https:\/\/ugl-muenchhausen.de\/index.php?rest_route=%2Fwp%2Fv2%2Ftags&post=104"}],"curies":[{"name":"wp","href":"https:\/\/api.w.org\/{rel}","templated":true}]}}