{"id":1061,"date":"2023-10-06T02:00:38","date_gmt":"2023-10-06T00:00:38","guid":{"rendered":"https:\/\/ugl-muenchhausen.de\/?page_id=1061"},"modified":"2025-11-01T03:12:41","modified_gmt":"2025-11-01T02:12:41","slug":"fraktionsarbeit","status":"publish","type":"page","link":"https:\/\/ugl-muenchhausen.de\/?page_id=1061","title":{"rendered":"Fraktionsarbeit"},"content":{"rendered":"\n<p>Hier gibt es einen \u00dcberblick \u00fcber die Arbeit der Fraktion in der Gemeindevertretung. Dazu geh\u00f6ren in erster Linie <a href=\"#Antraege\" data-type=\"internal\" data-id=\"#Antraege\">Antr\u00e4ge an die Vertretung<\/a>, dann <a href=\"#SchriftlicheAnfragen\" data-type=\"internal\">schriftliche Anfragen<\/a> an den Gemeindevorstand und aktuelle <a href=\"#MuendlicheAnfragen\" data-type=\"internal\">m\u00fcndliche Anfragen<\/a> in den Sitzungen. <\/p>\n\n\n\n<p>In den Tabellen sind sortiert nach dem Datum der Sitzungen die Antr\u00e4ge und Anfragen aufgelistet. Die Schriftst\u00fccke sind als Link hinterlegt. Zus\u00e4tzliche Informationen liefern unsere Berichte zu den jeweiligen Sitzungen und kurze Kommentare. Die Abstimmungsergebnisse der Antr\u00e4ge sind den <a rel=\"noreferrer noopener\" href=\"https:\/\/www.gemeinde-muenchhausen.de\/rathaus-politik\/politik\/gemeindevertretung\/niederschriften-der-gemeindevertretung\/\" target=\"_blank\">Niederschriften der Sitzungen auf der Homepage der Gemeinde<\/a> (hier unter &#8222;Sitzungsprotokoll&#8220; verlinkt) zu entnehmen. Antworten auf die Anfragen wurden dort bisher nicht bzw. nur &#8222;sparsam&#8220; dokumentiert. Auch hier bieten unsere eigenen Sitzungsberichte zus\u00e4tzliche Informationen.<\/p>\n\n\n\n<h3 class=\"wp-block-heading\" id=\"Antraege\">Antr\u00e4ge<\/h3>\n\n\n\n<figure class=\"wp-block-table\"><table><thead><tr><th>Datum<\/th><th>Antrag<\/th><\/tr><\/thead><tbody><tr><td>09.09.2025<\/td><td><a href=\"https:\/\/ugl-muenchhausen.de\/wp-content\/uploads\/2025\/09\/20250815-Antrag-Protokollierung-der-Abstimmungsergebnisse.pdf\" target=\"_blank\" rel=\"noreferrer noopener\">Protokollierung der Abstimmungsergebnisse<\/a><br><a href=\"https:\/\/www.gemeinde-muenchhausen.de\/pdf\/rathaus-politik\/niederschriften-der-gemeindevertretung\/wahlperiode-2021-2026\/30.-sitzungsprotokoll-der-gemeindevertretung-muenchhausen-2025-09.pdf?cid=2vc\" data-type=\"link\" data-id=\"https:\/\/www.gemeinde-muenchhausen.de\/pdf\/rathaus-politik\/niederschriften-der-gemeindevertretung\/wahlperiode-2021-2026\/30.-sitzungsprotokoll-der-gemeindevertretung-muenchhausen-2025-09.pdf?cid=2vc\" target=\"_blank\" rel=\"noreferrer noopener\">Sitzungsprotokoll<\/a><\/td><\/tr><tr><td>09.09.2025<\/td><td><a href=\"https:\/\/ugl-muenchhausen.de\/wp-content\/uploads\/2025\/09\/20250815-Antrag-B252neu-Tierschutz.pdf\" target=\"_blank\" rel=\"noreferrer noopener\">B252neu &#8211; Tierschutz<\/a><br><a href=\"https:\/\/www.gemeinde-muenchhausen.de\/pdf\/rathaus-politik\/niederschriften-der-gemeindevertretung\/wahlperiode-2021-2026\/30.-sitzungsprotokoll-der-gemeindevertretung-muenchhausen-2025-09.pdf?cid=2vc\" target=\"_blank\" rel=\"noreferrer noopener\">Sitzungsprotokoll<\/a><\/td><\/tr><tr><td>25.03.2025<\/td><td><a href=\"https:\/\/ugl-muenchhausen.de\/wp-content\/uploads\/2025\/03\/20250228-Antrag-Geschwindigkeitsbegrenzung-B252-neu.pdf\" data-type=\"link\" data-id=\"https:\/\/ugl-muenchhausen.de\/wp-content\/uploads\/2025\/03\/20250228-Antrag-Geschwindigkeitsbegrenzung-B252-neu.pdf\" target=\"_blank\" rel=\"noreferrer noopener\">Geschwindigkeitsbegrenzung B252-neu<\/a><br><a href=\"https:\/\/ugl-muenchhausen.de\/?p=1321\" target=\"_blank\" rel=\"noreferrer noopener\">Unser Bericht<\/a> &#8211; <a href=\"https:\/\/www.gemeinde-muenchhausen.de\/pdf\/rathaus-politik\/niederschriften-der-gemeindevertretung\/wahlperiode-2021-2026\/27.-sitzungsprotokoll-der-gemeidnevertretung-muenchhausen-2025-03.pdf?cid=2r0\" target=\"_blank\" rel=\"noreferrer noopener\">Sitzungsprotokoll<\/a><\/td><\/tr><tr><td>05.11.2024<\/td><td><a href=\"https:\/\/ugl-muenchhausen.de\/wp-content\/uploads\/2025\/01\/20241010-Antrag-zur-24.-Sitzung-der-Gemeindevertretung.pdf\" data-type=\"link\" data-id=\"https:\/\/ugl-muenchhausen.de\/wp-content\/uploads\/2025\/01\/20241010-Antrag-zur-24.-Sitzung-der-Gemeindevertretung.pdf\">Betrieb der Kindertagesst\u00e4tten der Gemeinde M\u00fcnchhausen ab dem Kindergartenjahr 2026\/27<\/a><br><a href=\"https:\/\/ugl-muenchhausen.de\/?p=1284\" data-type=\"link\" data-id=\"https:\/\/ugl-muenchhausen.de\/?p=1284\">Unser Bericht<\/a> &#8211; <a href=\"https:\/\/www.gemeinde-muenchhausen.de\/pdf\/rathaus-politik\/niederschriften-der-gemeindevertretung\/wahlperiode-2021-2026\/24.-sitzungsprotokoll-der-gemeidnevertretung-muenchhausen-2024-11.pdf?cid=2ou\" data-type=\"link\" data-id=\"https:\/\/www.gemeinde-muenchhausen.de\/pdf\/rathaus-politik\/niederschriften-der-gemeindevertretung\/wahlperiode-2021-2026\/23.-sitzungsprotokoll-der-gemeidnevertretung-muenchhausen-2024-10.pdf?cid=2md\" target=\"_blank\" rel=\"noreferrer noopener\">Sitzungsprotokoll<\/a><\/td><\/tr><tr><td>03.09.2024<\/td><td><a href=\"https:\/\/ugl-muenchhausen.de\/wp-content\/uploads\/2025\/01\/20240903-Antrag2-22.GV-Sitzung.pdf\" data-type=\"link\" data-id=\"https:\/\/ugl-muenchhausen.de\/wp-content\/uploads\/2025\/01\/20240903-Antrag2-22.GV-Sitzung.pdf\" target=\"_blank\" rel=\"noreferrer noopener\">M\u00e4hroboter<\/a> (Der Antrag wurde in der Sitzung zur\u00fcckgezogen)<br><a href=\"https:\/\/www.gemeinde-muenchhausen.de\/pdf\/rathaus-politik\/niederschriften-der-gemeindevertretung\/wahlperiode-2021-2026\/22.-sitzungsprotokoll-der-gemeidnevertretung-muenchhausen-2024-09.pdf?cid=2eq\" data-type=\"link\" data-id=\"https:\/\/www.gemeinde-muenchhausen.de\/pdf\/rathaus-politik\/niederschriften-der-gemeindevertretung\/wahlperiode-2021-2026\/22.-sitzungsprotokoll-der-gemeidnevertretung-muenchhausen-2024-09.pdf?cid=2eq\" target=\"_blank\" rel=\"noreferrer noopener\">Sitzungsprotokoll<\/a><\/td><\/tr><tr><td>03.09.2024<\/td><td><a href=\"https:\/\/ugl-muenchhausen.de\/wp-content\/uploads\/2025\/01\/20240903-Antrag1-22.GV-Sitzung.pdf\" target=\"_blank\" rel=\"noreferrer noopener\">Pr\u00fcfantrag Geschwindigkeitsbegrenzung<\/a><br><a href=\"https:\/\/www.gemeinde-muenchhausen.de\/pdf\/rathaus-politik\/niederschriften-der-gemeindevertretung\/wahlperiode-2021-2026\/22.-sitzungsprotokoll-der-gemeidnevertretung-muenchhausen-2024-09.pdf?cid=2eq\" data-type=\"link\" data-id=\"https:\/\/www.gemeinde-muenchhausen.de\/pdf\/rathaus-politik\/niederschriften-der-gemeindevertretung\/wahlperiode-2021-2026\/22.-sitzungsprotokoll-der-gemeidnevertretung-muenchhausen-2024-09.pdf?cid=2eq\" target=\"_blank\" rel=\"noreferrer noopener\">Sitzungsprotokoll<\/a><\/td><\/tr><tr><td>07.11.2023<\/td><td><a href=\"https:\/\/ugl-muenchhausen.de\/wp-content\/uploads\/2023\/11\/20231107-Antrag-UGL2.pdf\">Katzenschutzverordnung<\/a><br><a href=\"https:\/\/ugl-muenchhausen.de\/?p=1136\" data-type=\"post\" data-id=\"1136\">Unser Bericht<\/a> &#8211; <a href=\"https:\/\/www.gemeinde-muenchhausen.de\/pdf\/rathaus-politik\/niederschriften-der-gemeindevertretung\/wahlperiode-2021-2026\/16.-sitzungsprotokoll-der-gemeindevertretung-muenchhausen-2023-11.pdf?cid=24o\" target=\"_blank\" rel=\"noreferrer noopener\">Sitzungsprotokoll<\/a><\/td><\/tr><tr><td>08.11.2022<\/td><td><a href=\"https:\/\/ugl-muenchhausen.de\/wp-content\/uploads\/2023\/09\/Vorlagen_10_GVe2022_11-9.pdf\" target=\"_blank\" rel=\"noreferrer noopener\">\u00c4nderung der Gesch\u00e4ftsordnung &#8211; hier: \u00a7 16 Anfragen<\/a><br><em>Ein nahezu gleichlautender Antrag wurde von der SPD eingebracht. In den Aussch\u00fcssen hat man sich einvernehmlich auf eine Regelung verst\u00e4ndigt, so dass die Antr\u00e4ge zur\u00fcckgezogen wurden.<\/em><br><a rel=\"noreferrer noopener\" href=\"https:\/\/ugl-muenchhausen.de\/?p=967#more-967\" data-type=\"URL\" data-id=\"https:\/\/ugl-muenchhausen.de\/?p=967#more-967\" target=\"_blank\">Unser Bericht<\/a> &#8211; <a rel=\"noreferrer noopener\" href=\"https:\/\/www.gemeinde-muenchhausen.de\/pdf\/rathaus-politik\/niederschriften-der-gemeindevertretung\/wahlperiode-2021-2026\/10.-sitzungsprotokoll-der-gemeindevertretung-muenchhausen.pdf?cid=1np\" target=\"_blank\">Sitzungsprotokoll<\/a><\/td><\/tr><tr><td>05.04.2022<\/td><td><a href=\"https:\/\/ugl-muenchhausen.de\/wp-content\/uploads\/2023\/08\/20220405-Antrag-UGL.pdf\" target=\"_blank\" rel=\"noreferrer noopener\">Beitritt der Gemeinde M\u00fcnchhausen in den Landschaftspflegeverband Marburg-Biedenkopf<\/a><br><a rel=\"noreferrer noopener\" href=\"https:\/\/ugl-muenchhausen.de\/?p=895\" target=\"_blank\">Unser Bericht<\/a> &#8211; <a rel=\"noreferrer noopener\" href=\"https:\/\/www.gemeinde-muenchhausen.de\/pdf\/rathaus-politik\/niederschriften-der-gemeindevertretung\/wahlperiode-2021-2026\/07.-sitzungsprotokoll-der-gemeindevertretung-muenchhausen.pdf?cid=ps\" target=\"_blank\">Sitzungsprotokoll<\/a><\/td><\/tr><tr><td>15.06.2021<\/td><td><a href=\"https:\/\/ugl-muenchhausen.de\/wp-content\/uploads\/2023\/09\/Vorlagen-02_GVe2021-06-15-6.pdf\" target=\"_blank\" rel=\"noreferrer noopener\">Neubaugebiet \u201eAuf dem Kautz\u201c, Simtshausen<\/a><br><a href=\"https:\/\/ugl-muenchhausen.de\/?p=744\" target=\"_blank\" rel=\"noreferrer noopener\">Unser Bericht<\/a> &#8211; <a href=\"https:\/\/www.gemeinde-muenchhausen.de\/pdf\/rathaus-politik\/niederschriften-der-gemeindevertretung\/wahlperiode-2021-2026\/02.-sitzungsprotokoll-der-gemeindevertretung-muenchhausen.pdf?cid=py\" target=\"_blank\" rel=\"noreferrer noopener\">Sitzungsprotokoll<\/a><\/td><\/tr><tr><td>15.06.2021<\/td><td><a rel=\"noreferrer noopener\" href=\"https:\/\/ugl-muenchhausen.de\/wp-content\/uploads\/2023\/09\/Vorlagen-02_GVe2021-06-15-7.pdf\" target=\"_blank\">Pr\u00e4senzveranstaltungen in Vorbereitung zum B\u00fcrgerentscheid \u00fcber eine Gemeindefusion im Nordkreis<\/a><br><em>Der Antrag wurde zur\u00fcckgezogen, da sich die Fraktionen zuvor auf eine Vorlage des Gemeindevorstandes geeinigt hatten &#8211; Details in unserem Bericht<\/em><br><a rel=\"noreferrer noopener\" href=\"https:\/\/ugl-muenchhausen.de\/?p=744\" target=\"_blank\">Unser Bericht<\/a> &#8211; <a rel=\"noreferrer noopener\" href=\"https:\/\/www.gemeinde-muenchhausen.de\/pdf\/rathaus-politik\/niederschriften-der-gemeindevertretung\/wahlperiode-2021-2026\/02.-sitzungsprotokoll-der-gemeindevertretung-muenchhausen.pdf?cid=py\" target=\"_blank\">Sitzungsprotokoll<\/a><\/td><\/tr><\/tbody><\/table><\/figure>\n\n\n\n<h3 class=\"wp-block-heading\" id=\"SchriftlicheAnfragen\">Schriftliche Anfragen<\/h3>\n\n\n\n<figure class=\"wp-block-table\"><table><thead><tr><th>Datum<\/th><th>AnFrage<\/th><\/tr><\/thead><tbody><tr><td>11.02.2025<\/td><td><a href=\"https:\/\/ugl-muenchhausen.de\/wp-content\/uploads\/2025\/03\/20250211-Anfrage-26.GV-Sitzung.pdf\" target=\"_blank\" rel=\"noreferrer noopener\">Status Quo K1<\/a><br><a href=\"https:\/\/www.gemeinde-muenchhausen.de\/pdf\/rathaus-politik\/niederschriften-der-gemeindevertretung\/wahlperiode-2021-2026\/26.-sitzungsprotokoll-der-gemeidnevertretung-muenchhausen-2025-02.pdf?cid=2q8\" data-type=\"link\" data-id=\"https:\/\/www.gemeinde-muenchhausen.de\/pdf\/rathaus-politik\/niederschriften-der-gemeindevertretung\/wahlperiode-2021-2026\/26.-sitzungsprotokoll-der-gemeidnevertretung-muenchhausen-2025-02.pdf?cid=2q8\" target=\"_blank\" rel=\"noreferrer noopener\">Sitzungsprotokoll<\/a><\/td><\/tr><tr><td>03.09.2024<\/td><td><a href=\"https:\/\/ugl-muenchhausen.de\/wp-content\/uploads\/2025\/01\/20240903-Anfrage2-22.GV-Sitzung.pdf\" data-type=\"link\" data-id=\"https:\/\/ugl-muenchhausen.de\/wp-content\/uploads\/2025\/01\/20240903-Anfrage2-22.GV-Sitzung.pdf\" target=\"_blank\" rel=\"noreferrer noopener\">Eingabe \u00d6PNV<\/a><br><a href=\"https:\/\/www.gemeinde-muenchhausen.de\/pdf\/rathaus-politik\/niederschriften-der-gemeindevertretung\/wahlperiode-2021-2026\/22.-sitzungsprotokoll-der-gemeidnevertretung-muenchhausen-2024-09.pdf?cid=2eq\" data-type=\"link\" data-id=\"https:\/\/www.gemeinde-muenchhausen.de\/pdf\/rathaus-politik\/niederschriften-der-gemeindevertretung\/wahlperiode-2021-2026\/22.-sitzungsprotokoll-der-gemeidnevertretung-muenchhausen-2024-09.pdf?cid=2eq\" target=\"_blank\" rel=\"noreferrer noopener\">Sitzungsprotokoll<\/a><\/td><\/tr><tr><td>03.09.2024<\/td><td><a href=\"https:\/\/ugl-muenchhausen.de\/wp-content\/uploads\/2025\/01\/20240903-Anfrage1-22.GV-Sitzung.pdf\" data-type=\"link\" data-id=\"https:\/\/ugl-muenchhausen.de\/wp-content\/uploads\/2025\/01\/20240903-Anfrage1-22.GV-Sitzung.pdf\" target=\"_blank\" rel=\"noreferrer noopener\">Aktuelle Zahlen KiTa-Kinder M\u00fcnchhausen<\/a><br><a href=\"https:\/\/www.gemeinde-muenchhausen.de\/pdf\/rathaus-politik\/niederschriften-der-gemeindevertretung\/wahlperiode-2021-2026\/22.-sitzungsprotokoll-der-gemeidnevertretung-muenchhausen-2024-09.pdf?cid=2eq\" data-type=\"link\" data-id=\"https:\/\/www.gemeinde-muenchhausen.de\/pdf\/rathaus-politik\/niederschriften-der-gemeindevertretung\/wahlperiode-2021-2026\/22.-sitzungsprotokoll-der-gemeidnevertretung-muenchhausen-2024-09.pdf?cid=2eq\" target=\"_blank\" rel=\"noreferrer noopener\">Sitzungsprotokoll<\/a><\/td><\/tr><tr><td>23.04.2024<\/td><td><a href=\"https:\/\/ugl-muenchhausen.de\/wp-content\/uploads\/2024\/04\/Seiten-aus-einladung-20-gve2024-04-mit-vorlagen.pdf\" target=\"_blank\" rel=\"noreferrer noopener\">\u00d6ffentliche Gr\u00fcnfl\u00e4chen<\/a><br><a href=\"https:\/\/www.gemeinde-muenchhausen.de\/pdf\/rathaus-politik\/niederschriften-der-gemeindevertretung\/wahlperiode-2021-2026\/20.-sitzungsprotokoll-der-gemeindevertretung-muenchhausen-2024-04.pdf?cid=2bp\" data-type=\"link\" data-id=\"https:\/\/www.gemeinde-muenchhausen.de\/pdf\/rathaus-politik\/niederschriften-der-gemeindevertretung\/wahlperiode-2021-2026\/20.-sitzungsprotokoll-der-gemeindevertretung-muenchhausen-2024-04.pdf?cid=2bp\" target=\"_blank\" rel=\"noreferrer noopener\">Sitzungsprotokoll<\/a><\/td><\/tr><tr><td>13.02.2024<\/td><td><a href=\"https:\/\/ugl-muenchhausen.de\/wp-content\/uploads\/2024\/01\/Seiten-aus-01_Vorlage_18_GVe2024_02.pdf\">Sachstand Stromtrass<\/a><a href=\"https:\/\/ugl-muenchhausen.de\/wp-content\/uploads\/2024\/01\/Seiten-aus-01_Vorlage_18_GVe2024_02.pdf\" target=\"_blank\" rel=\"noreferrer noopener\">e \u201eNord-S\u00fcd-Link\u201c<\/a><br><a href=\"https:\/\/ugl-muenchhausen.de\/?p=1194\" target=\"_blank\" rel=\"noreferrer noopener\">Unser Bericht<\/a> &#8211; <a href=\"https:\/\/www.gemeinde-muenchhausen.de\/pdf\/rathaus-politik\/niederschriften-der-gemeindevertretung\/wahlperiode-2021-2026\/18.-sitzungsprotokoll-der-gemeindevertretung-muenchhausen-2024-02.pdf?cid=281\" target=\"_blank\" rel=\"noreferrer noopener\">Sitzungsprotokoll<\/a><\/td><\/tr><tr><td>05.09.2023<\/td><td><a rel=\"noreferrer noopener\" href=\"https:\/\/ugl-muenchhausen.de\/wp-content\/uploads\/2023\/08\/15_GVe2023-09-19.pdf\" target=\"_blank\">Kinderbetreuung<\/a><br><a rel=\"noreferrer noopener\" href=\"https:\/\/ugl-muenchhausen.de\/?p=1073\" target=\"_blank\">Unser Bericht<\/a> &#8212; <a href=\"https:\/\/www.gemeinde-muenchhausen.de\/pdf\/rathaus-politik\/niederschriften-der-gemeindevertretung\/wahlperiode-2021-2026\/15.-sitzungsprotokoll-der-gemeindevertretung-muenchhausen-2023-09.pdf?cid=241\" target=\"_blank\" rel=\"noreferrer noopener\">Sitzungsprotokoll<\/a><\/td><\/tr><tr><td>05.09.2023<\/td><td><a rel=\"noreferrer noopener\" href=\"https:\/\/ugl-muenchhausen.de\/wp-content\/uploads\/2023\/08\/15_GVe2023-09-20.pdf\" target=\"_blank\">Wasserversorgung<\/a><br><a rel=\"noreferrer noopener\" href=\"https:\/\/ugl-muenchhausen.de\/?p=1073\" target=\"_blank\">Unser Bericht<\/a> &#8212; <a href=\"https:\/\/www.gemeinde-muenchhausen.de\/pdf\/rathaus-politik\/niederschriften-der-gemeindevertretung\/wahlperiode-2021-2026\/15.-sitzungsprotokoll-der-gemeindevertretung-muenchhausen-2023-09.pdf?cid=241\" target=\"_blank\" rel=\"noreferrer noopener\">Sitzungsprotoko<\/a><a href=\"https:\/\/www.gemeinde-muenchhausen.de\/pdf\/rathaus-politik\/niederschriften-der-gemeindevertretung\/wahlperiode-2021-2026\/15.-sitzungsprotokoll-der-gemeindevertretung-muenchhausen-2023-09.pdf?cid=241\">ll<\/a><\/td><\/tr><tr><td>24.04.2023<\/td><td><a rel=\"noreferrer noopener\" href=\"https:\/\/ugl-muenchhausen.de\/wp-content\/uploads\/2023\/09\/13_Vorlagen-GVe2023-04-9.pdf\" target=\"_blank\">Fl\u00fcchtlingssituation in der Gemeinde M\u00fcnchhausen<\/a><br><a rel=\"noreferrer noopener\" href=\"https:\/\/ugl-muenchhausen.de\/?p=1024\" target=\"_blank\">Unser Bericht<\/a> &#8211; <a href=\"https:\/\/www.gemeinde-muenchhausen.de\/pdf\/rathaus-politik\/niederschriften-der-gemeindevertretung\/wahlperiode-2021-2026\/13.-sitzungsprotokoll-der-gemeindevertretung-muenchhausen-2023-04.pdf?cid=21c\" target=\"_blank\" rel=\"noreferrer noopener\">Sitzungsprotokoll<\/a><\/td><\/tr><tr><td>08.11.2022<\/td><td><a href=\"https:\/\/ugl-muenchhausen.de\/wp-content\/uploads\/2023\/09\/Vorlagen_10_GVe2022_11-11.pdf\" target=\"_blank\" rel=\"noreferrer noopener\">Dorfentwicklungsprogramm<\/a><br><a rel=\"noreferrer noopener\" href=\"https:\/\/www.gemeinde-muenchhausen.de\/pdf\/rathaus-politik\/niederschriften-der-gemeindevertretung\/wahlperiode-2021-2026\/10.-sitzungsprotokoll-der-gemeindevertretung-muenchhausen.pdf?cid=1np\" target=\"_blank\">Sitzungsprotokoll<\/a><\/td><\/tr><tr><td>04.10.2022<\/td><td><a href=\"https:\/\/ugl-muenchhausen.de\/wp-content\/uploads\/2023\/09\/Vorlagen_09_GVe2022_10-17.pdf\" target=\"_blank\" rel=\"noreferrer noopener\">Energiesparma\u00dfnahmen<\/a><br><a rel=\"noreferrer noopener\" href=\"https:\/\/www.gemeinde-muenchhausen.de\/pdf\/rathaus-politik\/niederschriften-der-gemeindevertretung\/wahlperiode-2021-2026\/09.-sitzungsprotokoll-der-gemeindevertretung2022-09.pdf?cid=1so\" data-type=\"URL\" data-id=\"https:\/\/www.gemeinde-muenchhausen.de\/pdf\/rathaus-politik\/niederschriften-der-gemeindevertretung\/wahlperiode-2021-2026\/09.-sitzungsprotokoll-der-gemeindevertretung2022-09.pdf?cid=1so\" target=\"_blank\">Sitzungsprotokoll<\/a><\/td><\/tr><tr><td>04.10.2022<\/td><td><a href=\"https:\/\/ugl-muenchhausen.de\/wp-content\/uploads\/2023\/09\/Vorlagen_09_GVe2022_10-18.pdf\" target=\"_blank\" rel=\"noreferrer noopener\">Stand Flie\u00dfpfadkarte<\/a><br><a rel=\"noreferrer noopener\" href=\"https:\/\/www.gemeinde-muenchhausen.de\/pdf\/rathaus-politik\/niederschriften-der-gemeindevertretung\/wahlperiode-2021-2026\/09.-sitzungsprotokoll-der-gemeindevertretung2022-09.pdf?cid=1so\" target=\"_blank\">Sitzungsprotokoll<\/a><\/td><\/tr><tr><td>04.10.2022<\/td><td><a href=\"https:\/\/ugl-muenchhausen.de\/wp-content\/uploads\/2023\/09\/Vorlagen_09_GVe2022_10-18.pdf\" target=\"_blank\" rel=\"noreferrer noopener\">Stand Landschaftspflegeverband<\/a><br><a rel=\"noreferrer noopener\" href=\"https:\/\/www.gemeinde-muenchhausen.de\/pdf\/rathaus-politik\/niederschriften-der-gemeindevertretung\/wahlperiode-2021-2026\/09.-sitzungsprotokoll-der-gemeindevertretung2022-09.pdf?cid=1so\" target=\"_blank\">Sitzungsprotokoll<\/a><\/td><\/tr><tr><td>14.12.2021<\/td><td><a href=\"https:\/\/ugl-muenchhausen.de\/wp-content\/uploads\/2023\/09\/Vorlagen-05_GVe2021-12.pdf\" target=\"_blank\" rel=\"noreferrer noopener\">Aktueller Sachstand Verschmutzung \/ Besch\u00e4digungen Burgwald<\/a><br><a href=\"https:\/\/ugl-muenchhausen.de\/?p=847\" target=\"_blank\" rel=\"noreferrer noopener\">Unser Bericht<\/a> &#8212; <a href=\"https:\/\/www.gemeinde-muenchhausen.de\/pdf\/rathaus-politik\/niederschriften-der-gemeindevertretung\/wahlperiode-2021-2026\/05.-sitzungsprotokoll-der-gemeindevertretung-muenchhausen.pdf?cid=pm\" target=\"_blank\" rel=\"noreferrer noopener\">Sitzungsprotokoll<\/a><\/td><\/tr><tr><td>21.09.2021<\/td><td><a href=\"https:\/\/ugl-muenchhausen.de\/wp-content\/uploads\/2023\/09\/01_Vorlage-03_GVe2021-09-14.pdf\" target=\"_blank\" rel=\"noreferrer noopener\">Geplante Pr\u00e4ventionsma\u00dfnahmen f\u00fcr Wetterextreme<\/a><br><a href=\"https:\/\/ugl-muenchhausen.de\/?p=818\" target=\"_blank\" rel=\"noreferrer noopener\">Unser Bericht<\/a> &#8212; <a href=\"https:\/\/www.gemeinde-muenchhausen.de\/pdf\/rathaus-politik\/niederschriften-der-gemeindevertretung\/wahlperiode-2021-2026\/03.-sitzungsprotokoll-der-gemeindevertretung-muenchhausen.pdf?cid=pg\" target=\"_blank\" rel=\"noreferrer noopener\">Sitzungsprotokoll<\/a><\/td><\/tr><tr><td>21.09.2021<\/td><td><a href=\"https:\/\/ugl-muenchhausen.de\/wp-content\/uploads\/2023\/09\/01_Vorlage-03_GVe2021-09-13.pdf\" target=\"_blank\" rel=\"noreferrer noopener\">Bankfilialen<\/a><br><a href=\"https:\/\/ugl-muenchhausen.de\/?p=818\" target=\"_blank\" rel=\"noreferrer noopener\">Unser Bericht<\/a> &#8212; <a href=\"https:\/\/www.gemeinde-muenchhausen.de\/pdf\/rathaus-politik\/niederschriften-der-gemeindevertretung\/wahlperiode-2021-2026\/03.-sitzungsprotokoll-der-gemeindevertretung-muenchhausen.pdf?cid=pg\" target=\"_blank\" rel=\"noreferrer noopener\">Sitzungsprotokoll<\/a><\/td><\/tr><\/tbody><\/table><\/figure>\n\n\n\n<h3 class=\"wp-block-heading\" id=\"MuendlicheAnfragen\">M\u00fcndliche Anfragen<\/h3>\n\n\n\n<figure class=\"wp-block-table\"><table><thead><tr><th>Datum<\/th><th>AnFrage<\/th><\/tr><\/thead><tbody><tr><td>25.03.2025<\/td><td>Beschilderung f\u00fcr Radverkehr auf der B 252 alt<\/td><\/tr><tr><td>25.03.2025<\/td><td>Sicherheitsaspekte Lahn-Eder Radweg im Bereich Oberdorfstra\u00dfe<\/td><\/tr><tr><td>25.06.2024<\/td><td>OB Simtshausen: Verkehrsz\u00e4hlung und \u00dcberwachung des Verkehrs auf der alten B252<br><em>&#8222;Eine Besserung ist hier erst nach (der vollst\u00e4ndigen) Fertigstellung der B 252 neu in Sicht.&#8220;<\/em><\/td><\/tr><tr><td>26.03.2024<\/td><td>Gefahrenfelder B252 neu<\/td><\/tr><tr><td>13.02.2024<\/td><td>Anfrage bzgl. der neuen B252:<br><em>&#8222;Auf der neuen B252 werden mehrere Streckenabschnitte als sehr gef\u00e4hrlich eingesch\u00e4tzt, insbesondere die Radwegef\u00fchrung am Ortseingang Burgwald OT Ernsthausen.&#8220;<\/em><br>Die Fraktionsvorsitzenden stellen einen Forderungskatalog zusammen, der<br>bei den verantwortlichen Fachbeh\u00f6rden eingereicht werden soll.<\/td><\/tr><tr><td>12.12.2023<\/td><td>Anfrage bez\u00fcglich des neuen Kinder- und Jugendbeirats und Bitte um weitere Ma\u00dfnahmen zur Besetzung des Kinder- und Jugendbeirats<\/td><\/tr><tr><td>07.11.2023<\/td><td>Anfrage bez\u00fcglich des neuen Kinder- und Jugendbeirats<\/td><\/tr><tr><td>13.06.2023<\/td><td>Beteiligung an der Umfrage zum Nahverkehrskonzept<br>(Zugang auch \u00fcber Homepage der Gemeinde)<\/td><\/tr><tr><td>24.04.2023<\/td><td>Aktivierung Kinder- und Jugendbeirat<\/td><\/tr><tr><td>28.06.2022<\/td><td>Aktueller Stand Windenergieanlagen, Vorbereitungen zur Umsetzung<\/td><\/tr><tr><td>28.06.2022<\/td><td>Siloanlagen &#8222;Drei Eichen&#8220; M\u00fcnchhausen<\/td><\/tr><tr><td>08.02.2022<\/td><td>Information der Anlieger von bislang nicht endausgebauten Gemeindestra\u00dfen lt. beschlossener Priorit\u00e4tenlisten der Gemeindevertretung<\/td><\/tr><tr><td>02.11.2021<\/td><td>Sachstand Gewerbegebiet<\/td><\/tr><tr><td>21.09.2021<\/td><td>Aushang Wahlaufruf<\/td><\/tr><tr><td>15.06.2021<\/td><td>Neuwahlen des Kinder- u. Jugendbeirats<\/td><\/tr><tr><td>27.04.2021<\/td><td>Wieso wurden die Altkleidercontainer abtransportiert?<\/td><\/tr><tr><td>27.04.2021<\/td><td>Geplanter Ablauf und weiteres Vorgehen zur Fusion der Nordkreiskommunen Lahntal, M\u00fcnchhausen und Wetter?<\/td><\/tr><\/tbody><\/table><\/figure>\n","protected":false},"excerpt":{"rendered":"<p>Hier gibt es einen \u00dcberblick \u00fcber die Arbeit der Fraktion in der Gemeindevertretung. Dazu geh\u00f6ren in erster Linie Antr\u00e4ge an die Vertretung, dann schriftliche Anfragen an den Gemeindevorstand und aktuelle m\u00fcndliche Anfragen in den Sitzungen. In den Tabellen sind sortiert nach dem Datum der Sitzungen die Antr\u00e4ge und Anfragen aufgelistet. Die Schriftst\u00fccke sind als Link [&hellip;]<\/p>\n","protected":false},"author":1,"featured_media":0,"parent":0,"menu_order":0,"comment_status":"closed","ping_status":"closed","template":"","meta":{"footnotes":""},"categories":[],"tags":[],"class_list":["post-1061","page","type-page","status-publish","hentry"],"_links":{"self":[{"href":"https:\/\/ugl-muenchhausen.de\/index.php?rest_route=\/wp\/v2\/pages\/1061","targetHints":{"allow":["GET"]}}],"collection":[{"href":"https:\/\/ugl-muenchhausen.de\/index.php?rest_route=\/wp\/v2\/pages"}],"about":[{"href":"https:\/\/ugl-muenchhausen.de\/index.php?rest_route=\/wp\/v2\/types\/page"}],"author":[{"embeddable":true,"href":"https:\/\/ugl-muenchhausen.de\/index.php?rest_route=\/wp\/v2\/users\/1"}],"replies":[{"embeddable":true,"href":"https:\/\/ugl-muenchhausen.de\/index.php?rest_route=%2Fwp%2Fv2%2Fcomments&post=1061"}],"version-history":[{"count":37,"href":"https:\/\/ugl-muenchhausen.de\/index.php?rest_route=\/wp\/v2\/pages\/1061\/revisions"}],"predecessor-version":[{"id":1370,"href":"https:\/\/ugl-muenchhausen.de\/index.php?rest_route=\/wp\/v2\/pages\/1061\/revisions\/1370"}],"wp:attachment":[{"href":"https:\/\/ugl-muenchhausen.de\/index.php?rest_route=%2Fwp%2Fv2%2Fmedia&parent=1061"}],"wp:term":[{"taxonomy":"category","embeddable":true,"href":"https:\/\/ugl-muenchhausen.de\/index.php?rest_route=%2Fwp%2Fv2%2Fcategories&post=1061"},{"taxonomy":"post_tag","embeddable":true,"href":"https:\/\/ugl-muenchhausen.de\/index.php?rest_route=%2Fwp%2Fv2%2Ftags&post=1061"}],"curies":[{"name":"wp","href":"https:\/\/api.w.org\/{rel}","templated":true}]}}