{"id":117,"date":"2016-02-17T03:28:17","date_gmt":"2016-02-17T02:28:17","guid":{"rendered":"http:\/\/ugl-muenchhausen.de\/?page_id=117"},"modified":"2021-02-24T01:57:11","modified_gmt":"2021-02-24T00:57:11","slug":"schutz-des-trinkwassers-in-der-region-burgwald","status":"publish","type":"page","link":"https:\/\/ugl-muenchhausen.de\/?page_id=117","title":{"rendered":"Schutz des Trinkwassers in der Region Burgwald"},"content":{"rendered":"<p><strong>Verantwortlich handeln hei\u00dft f\u00fcr uns auch &#8230;<br \/>\n<\/strong><\/p>\n<p><strong>&#8230; das Trinkwasser im Burgwald vor dem Ausverkauf an die Region Frankfurt zu sch\u00fctzen<\/strong><\/p>\n<p>Der Zweckverband Mittelhessische Wasserwerke (ZMW) \u2013 ein kommunaler Zweckverband (!) -betreibt den Verkauf von Trinkwasser aus dem Wohratal in die Region Frankfurt. Dies wurde Mitte 2013 durch einen Artikel in der Oberhessischen Presse \u00f6ffentlich.<\/p>\n<p>In einer kurz darauf stattfindenden Sitzung der Gemeindevertretung stellte die UGL einen Dringlichkeitsantrag, in dem der Gemeindevorstand aufgefordert wird, darauf hinzuwirken, dass eine Wasserentnahme aus dem Einzugsgebiet des Burgwaldes nur unter der Auflage eines \u00d6ko-Monitorings gestattet wird, um sicherzustellen, dass das empfindliche \u00d6kosystem des Burgwaldes keinen Schaden nimmt. Dieser Antrag wurde einstimmig angenommen. Einige Ortsbeir\u00e4te und Gemeinden haben den Antrag \u00fcbernommen.<\/p>\n<p>Worum geht es konkret? Die Brunnen des ZMW im Wohratal haben Einfluss auf den Grundwasserspiegel im Burgwald. Der Burgwald ist u.a. einzigartig durch seine Feuchtwiesen und Moore mit der zugeh\u00f6rigen Flora und Fauna. Ver\u00e4nderungen im Grundwasserspiegel haben gravierende Auswirkungen auf das \u00d6kosystem.<\/p>\n<p>Zum damaligen Zeitpunkt war nicht ersichtlich, welche Wassermengen der Brunnen im Wohratal liefern soll. Derzeit gibt es die Aussage, dass die Wassermenge nicht h\u00f6her sein soll als die derzeit entnommene. Unabh\u00e4ngig davon m\u00fcssen Auswirkungen auf den Burgwald verhindert werden. Das kann nur durch ein \u00d6ko-Monitoring geschehen. Die entsprechenden Messstationen m\u00fcssen auf jeden Fall im Einzugsbereich der Brunnen errichtet werden.<\/p>\n<p>Hintergrund sind Erfahrungen aus dem Bereich des Vogelsberges. Dort wurde schon im 19. Jhdt. begonnen, Wasser zu f\u00f6rdern und in st\u00e4rker bev\u00f6lkerte Regionen zu liefern. So wurde schon 1887 die erste Fernwasserleitung nach Frankfurt gebaut, aus dem Bereich Gr\u00fcnberg-Laubach wurde eine Leitung nach Bad Nauheim gelegt. Danach konnten einige M\u00fchlen an den nachgeordneten Wasserl\u00e4ufen ihren Betrieb nicht mehr aufrecht erhalten.<\/p>\n<p>Seit den 60-er Jahren des vorigen Jahrhunderts wurden die Entnahmemengen st\u00e4ndig gesteigert. Das f\u00fchrte an einigen Stellen des Einzugsbereiches zu massiven Problemen: Vertrocknende B\u00e4ume, Risse in Geb\u00e4uden waren sichtbare Sch\u00e4den. Erst Anfang der 90-er Jahre konnte dem durch eine B\u00fcrgerinitiative \u201eSchutzgemeinschaft Vogelsberg\u201c wirksam Einhalt geboten werden. Inzwischen wurde die Trinkwasserentnahme wieder deutlich reduziert und ein \u00d6ko-Monitoring etabliert, so dass eine Regeneration der Gebiete erm\u00f6glicht wurde.<\/p>\n","protected":false},"excerpt":{"rendered":"<p>Verantwortlich handeln hei\u00dft f\u00fcr uns auch &#8230; &#8230; das Trinkwasser im Burgwald vor dem Ausverkauf an die Region Frankfurt zu sch\u00fctzen Der Zweckverband Mittelhessische Wasserwerke (ZMW) \u2013 ein kommunaler Zweckverband (!) -betreibt den Verkauf von Trinkwasser aus dem Wohratal in die Region Frankfurt. Dies wurde Mitte 2013 durch einen Artikel in der Oberhessischen Presse \u00f6ffentlich. [&hellip;]<\/p>\n","protected":false},"author":1,"featured_media":0,"parent":102,"menu_order":0,"comment_status":"closed","ping_status":"closed","template":"","meta":{"footnotes":""},"categories":[],"tags":[],"class_list":["post-117","page","type-page","status-publish","hentry"],"_links":{"self":[{"href":"https:\/\/ugl-muenchhausen.de\/index.php?rest_route=\/wp\/v2\/pages\/117","targetHints":{"allow":["GET"]}}],"collection":[{"href":"https:\/\/ugl-muenchhausen.de\/index.php?rest_route=\/wp\/v2\/pages"}],"about":[{"href":"https:\/\/ugl-muenchhausen.de\/index.php?rest_route=\/wp\/v2\/types\/page"}],"author":[{"embeddable":true,"href":"https:\/\/ugl-muenchhausen.de\/index.php?rest_route=\/wp\/v2\/users\/1"}],"replies":[{"embeddable":true,"href":"https:\/\/ugl-muenchhausen.de\/index.php?rest_route=%2Fwp%2Fv2%2Fcomments&post=117"}],"version-history":[{"count":2,"href":"https:\/\/ugl-muenchhausen.de\/index.php?rest_route=\/wp\/v2\/pages\/117\/revisions"}],"predecessor-version":[{"id":127,"href":"https:\/\/ugl-muenchhausen.de\/index.php?rest_route=\/wp\/v2\/pages\/117\/revisions\/127"}],"up":[{"embeddable":true,"href":"https:\/\/ugl-muenchhausen.de\/index.php?rest_route=\/wp\/v2\/pages\/102"}],"wp:attachment":[{"href":"https:\/\/ugl-muenchhausen.de\/index.php?rest_route=%2Fwp%2Fv2%2Fmedia&parent=117"}],"wp:term":[{"taxonomy":"category","embeddable":true,"href":"https:\/\/ugl-muenchhausen.de\/index.php?rest_route=%2Fwp%2Fv2%2Fcategories&post=117"},{"taxonomy":"post_tag","embeddable":true,"href":"https:\/\/ugl-muenchhausen.de\/index.php?rest_route=%2Fwp%2Fv2%2Ftags&post=117"}],"curies":[{"name":"wp","href":"https:\/\/api.w.org\/{rel}","templated":true}]}}