{"id":119,"date":"2016-02-17T03:27:31","date_gmt":"2016-02-17T02:27:31","guid":{"rendered":"http:\/\/ugl-muenchhausen.de\/?page_id=119"},"modified":"2016-02-17T03:27:31","modified_gmt":"2016-02-17T02:27:31","slug":"attraktive-wirtschafts-und-infrastruktur","status":"publish","type":"page","link":"https:\/\/ugl-muenchhausen.de\/?page_id=119","title":{"rendered":"Attraktive Wirtschafts- und Infrastruktur"},"content":{"rendered":"<p><strong>Wir wollen ein M\u00fcnchhausen \u2026<\/strong><\/p>\n<p><strong>\u2026 mit einer f\u00fcr alle Altersgruppen attraktiven Wirtschafts- und Infrastruktur<\/strong><\/p>\n<p>Dazu geh\u00f6ren Einkaufsm\u00f6glichkeiten vor Ort, eine gesicherte medizinische Versorgung, aber auch attraktive Kindertagesst\u00e4tten zu attraktiven Preisen, die Grundschule in M\u00fcnchhausen und Freizeitangebote f\u00fcr Menschen aller Altersgruppen, ferner eine gute verkehrstechnische Anbindung der Gemeinde, insbesondere durch den \u00f6ffentlichen Personennahverkehr.<\/p>\n<p>All dies zu sichern, muss eine herausgehobene Aufgabe der Gemeinde M\u00fcnchhausen sein, denn eine intakte Wirtschafts- und Infrastruktur vor Ort l\u00e4dt Menschen zum Wohnen in M\u00fcnchhausen ein.<\/p>\n","protected":false},"excerpt":{"rendered":"<p>Wir wollen ein M\u00fcnchhausen \u2026 \u2026 mit einer f\u00fcr alle Altersgruppen attraktiven Wirtschafts- und Infrastruktur Dazu geh\u00f6ren Einkaufsm\u00f6glichkeiten vor Ort, eine gesicherte medizinische Versorgung, aber auch attraktive Kindertagesst\u00e4tten zu attraktiven Preisen, die Grundschule in M\u00fcnchhausen und Freizeitangebote f\u00fcr Menschen aller Altersgruppen, ferner eine gute verkehrstechnische Anbindung der Gemeinde, insbesondere durch den \u00f6ffentlichen Personennahverkehr. All dies [&hellip;]<\/p>\n","protected":false},"author":1,"featured_media":0,"parent":102,"menu_order":0,"comment_status":"closed","ping_status":"closed","template":"","meta":{"footnotes":""},"categories":[],"tags":[],"class_list":["post-119","page","type-page","status-publish","hentry"],"_links":{"self":[{"href":"https:\/\/ugl-muenchhausen.de\/index.php?rest_route=\/wp\/v2\/pages\/119","targetHints":{"allow":["GET"]}}],"collection":[{"href":"https:\/\/ugl-muenchhausen.de\/index.php?rest_route=\/wp\/v2\/pages"}],"about":[{"href":"https:\/\/ugl-muenchhausen.de\/index.php?rest_route=\/wp\/v2\/types\/page"}],"author":[{"embeddable":true,"href":"https:\/\/ugl-muenchhausen.de\/index.php?rest_route=\/wp\/v2\/users\/1"}],"replies":[{"embeddable":true,"href":"https:\/\/ugl-muenchhausen.de\/index.php?rest_route=%2Fwp%2Fv2%2Fcomments&post=119"}],"version-history":[{"count":1,"href":"https:\/\/ugl-muenchhausen.de\/index.php?rest_route=\/wp\/v2\/pages\/119\/revisions"}],"predecessor-version":[{"id":120,"href":"https:\/\/ugl-muenchhausen.de\/index.php?rest_route=\/wp\/v2\/pages\/119\/revisions\/120"}],"up":[{"embeddable":true,"href":"https:\/\/ugl-muenchhausen.de\/index.php?rest_route=\/wp\/v2\/pages\/102"}],"wp:attachment":[{"href":"https:\/\/ugl-muenchhausen.de\/index.php?rest_route=%2Fwp%2Fv2%2Fmedia&parent=119"}],"wp:term":[{"taxonomy":"category","embeddable":true,"href":"https:\/\/ugl-muenchhausen.de\/index.php?rest_route=%2Fwp%2Fv2%2Fcategories&post=119"},{"taxonomy":"post_tag","embeddable":true,"href":"https:\/\/ugl-muenchhausen.de\/index.php?rest_route=%2Fwp%2Fv2%2Ftags&post=119"}],"curies":[{"name":"wp","href":"https:\/\/api.w.org\/{rel}","templated":true}]}}