{"id":121,"date":"2016-02-17T03:27:10","date_gmt":"2016-02-17T02:27:10","guid":{"rendered":"http:\/\/ugl-muenchhausen.de\/?page_id=121"},"modified":"2016-02-17T03:27:10","modified_gmt":"2016-02-17T02:27:10","slug":"ausweitung-der-programme-fuer-senioren","status":"publish","type":"page","link":"https:\/\/ugl-muenchhausen.de\/?page_id=121","title":{"rendered":"Ausweitung der Programme f\u00fcr Senioren"},"content":{"rendered":"<p><strong>Wir wollen ein M\u00fcnchhausen \u2026<\/strong><\/p>\n<p><strong>\u2026 in dem die Programme f\u00fcr Senioren ausgeweitet werden auf jene, die nicht mehr mobil sind (in Zusammenarbeit z.B. auch mit den Kirchengemeinden)<\/strong><\/p>\n<p>Die guten Angebote f\u00fcr Seniorinnen und Senioren in unserer Gemeinde zu erhalten, ist eine wichtige Aufgabe auch f\u00fcr die Zukunft. Die Teilnahme an Vortragsveranstaltungen, Tagesfahrten, Computerkursen, Singkreisen und Wandergruppen ist aber nur B\u00fcrgerinnen und B\u00fcrgern m\u00f6glich, die noch fit und mobil sind.<\/p>\n<p>Eine wachsende Bev\u00f6lkerungsgruppe bringt diese Voraussetzungen nicht mehr mit, so dass sie ihr zuhause nur ausnahmsweise verlassen k\u00f6nnen. Aufgabe der zuk\u00fcnftigen Seniorenarbeit muss es daher auch sein, Angebote zu entwickeln, die diesen Mitmenschen die Teilhabe am Leben in unserer Gemeinde erm\u00f6glichen. Hierzu k\u00f6nnte etwa ein Besuchsdienst ebenso geh\u00f6ren wie Hilfestellung bei der Bew\u00e4ltigung der allt\u00e4glichen Herausforderungen.<\/p>\n<p>Diese Aufgabe kann sicherlich nicht von der Gemeinde allein erf\u00fcllt werden, aber die Gemeinde kann einen Prozess in Gang bringen, der an diesen Fragen interessierte Personen und Gruppen gemeinsam nach L\u00f6sungen suchen l\u00e4sst, die auch nicht mehr mobilen Mitb\u00fcrgerinnen und Mitb\u00fcrgern ein Leben in unserer Mitte m\u00f6glich macht.<\/p>\n","protected":false},"excerpt":{"rendered":"<p>Wir wollen ein M\u00fcnchhausen \u2026 \u2026 in dem die Programme f\u00fcr Senioren ausgeweitet werden auf jene, die nicht mehr mobil sind (in Zusammenarbeit z.B. auch mit den Kirchengemeinden) Die guten Angebote f\u00fcr Seniorinnen und Senioren in unserer Gemeinde zu erhalten, ist eine wichtige Aufgabe auch f\u00fcr die Zukunft. Die Teilnahme an Vortragsveranstaltungen, Tagesfahrten, Computerkursen, Singkreisen [&hellip;]<\/p>\n","protected":false},"author":1,"featured_media":0,"parent":102,"menu_order":0,"comment_status":"closed","ping_status":"closed","template":"","meta":{"footnotes":""},"categories":[],"tags":[],"class_list":["post-121","page","type-page","status-publish","hentry"],"_links":{"self":[{"href":"https:\/\/ugl-muenchhausen.de\/index.php?rest_route=\/wp\/v2\/pages\/121","targetHints":{"allow":["GET"]}}],"collection":[{"href":"https:\/\/ugl-muenchhausen.de\/index.php?rest_route=\/wp\/v2\/pages"}],"about":[{"href":"https:\/\/ugl-muenchhausen.de\/index.php?rest_route=\/wp\/v2\/types\/page"}],"author":[{"embeddable":true,"href":"https:\/\/ugl-muenchhausen.de\/index.php?rest_route=\/wp\/v2\/users\/1"}],"replies":[{"embeddable":true,"href":"https:\/\/ugl-muenchhausen.de\/index.php?rest_route=%2Fwp%2Fv2%2Fcomments&post=121"}],"version-history":[{"count":1,"href":"https:\/\/ugl-muenchhausen.de\/index.php?rest_route=\/wp\/v2\/pages\/121\/revisions"}],"predecessor-version":[{"id":122,"href":"https:\/\/ugl-muenchhausen.de\/index.php?rest_route=\/wp\/v2\/pages\/121\/revisions\/122"}],"up":[{"embeddable":true,"href":"https:\/\/ugl-muenchhausen.de\/index.php?rest_route=\/wp\/v2\/pages\/102"}],"wp:attachment":[{"href":"https:\/\/ugl-muenchhausen.de\/index.php?rest_route=%2Fwp%2Fv2%2Fmedia&parent=121"}],"wp:term":[{"taxonomy":"category","embeddable":true,"href":"https:\/\/ugl-muenchhausen.de\/index.php?rest_route=%2Fwp%2Fv2%2Fcategories&post=121"},{"taxonomy":"post_tag","embeddable":true,"href":"https:\/\/ugl-muenchhausen.de\/index.php?rest_route=%2Fwp%2Fv2%2Ftags&post=121"}],"curies":[{"name":"wp","href":"https:\/\/api.w.org\/{rel}","templated":true}]}}