{"id":1405,"date":"2026-01-05T23:24:57","date_gmt":"2026-01-05T22:24:57","guid":{"rendered":"https:\/\/ugl-muenchhausen.de\/?page_id=1405"},"modified":"2026-02-20T01:38:11","modified_gmt":"2026-02-20T00:38:11","slug":"wahl-2026","status":"publish","type":"page","link":"https:\/\/ugl-muenchhausen.de\/?page_id=1405","title":{"rendered":"Wahl 2026"},"content":{"rendered":"\n<p>Die Unabh\u00e4ngige Gr\u00fcne Liste in M\u00fcnchhausen stellt auch f\u00fcr die kommende Legislatur wieder eine Liste auf. Neun Kandidatinnen und Kandidaten bewerben sich bei der Wahl am 15. M\u00e4rz 2026 um ein Mandat in der Gemeindevertretung:<\/p>\n\n\n\n<ol class=\"wp-block-list\">\n<li>Lena Siemon Marques, M\u00fcnchhausen<\/li>\n\n\n\n<li>Burkhard Viehl, Niederasphe<\/li>\n\n\n\n<li>Ulrike Mann, Simtshausen<\/li>\n\n\n\n<li>Gisela Wieland, Simtshausen<\/li>\n\n\n\n<li>Michaela Walter, Simtshausen<\/li>\n\n\n\n<li>Nina Gromes, Simtshausen<\/li>\n\n\n\n<li>Christiane H\u00f6cker, Simtshausen<\/li>\n\n\n\n<li>Reiner Naumann, Wollmar<\/li>\n\n\n\n<li>Theodora Ter\u00f6rde, Simtshausen<\/li>\n<\/ol>\n\n\n<div class=\"wp-block-image\">\n<figure class=\"aligncenter size-full\"><img decoding=\"async\" src=\"https:\/\/ugl-muenchhausen.de\/wp-content\/uploads\/2026\/01\/Gruppe-fuer-Homepage-1.jpg\" alt=\"\" class=\"wp-image-1425\"\/><figcaption class=\"wp-element-caption\">Die Kandidat*innen von links: Nina Gromes, Ulrike Mann, Reiner Naumann, Lena Siemon Marques, Christiane H\u00f6cker, Theodora Ter\u00f6rde, Gisela Wieland, Burkhard Viehl (es fehlt Michaela Walter)<\/figcaption><\/figure><\/div>\n\n\n<p>Die aktuelle Fraktion, bestehend aus Lena Siemon Marques, Burkhard Viehl und Gisela Wieland, kandidiert erneut, um sich weiterhin f\u00fcr Klima und Natur, Energiewende und Gr\u00fcne Mobilit\u00e4t, zukunftsf\u00e4hige Gemeindepolitik sowie Versorgungssicherheit und Zivilschutz einzusetzen.<\/p>\n\n\n\n<p>Auch Ulrike Mann, derzeit Mitglied im Gemeindevorstand, bewirbt sich erneut um ein Mandat. Mit Michaela Walter und Nina Gromes konnten zudem zwei neue Engagierte gewonnen werden.<\/p>\n\n\n\n<p class=\"has-medium-font-size\"><a href=\"https:\/\/ugl-muenchhausen.de\/?page_id=1439\" data-type=\"page\" data-id=\"1439\" target=\"_blank\" rel=\"noreferrer noopener\"><strong>\u25ba<\/strong> Zur Kandidatenvorstellung<\/a><\/p>\n\n\n\n<p>Das Wahlprogramm der UGL tr\u00e4gt den Titel \u201eNachhaltig engagiert f\u00fcr M\u00fcnchhausen\u201c.<\/p>\n\n\n\n<p class=\"has-medium-font-size\"><a href=\"https:\/\/ugl-muenchhausen.de\/?page_id=1464\" data-type=\"page\" data-id=\"1464\" target=\"_blank\" rel=\"noreferrer noopener\"><strong>\u25ba<\/strong> Wahlprogramm<\/a><\/p>\n\n\n\n<p>Die Erfolge und Aktivit\u00e4ten in der aktuellen Legislatur sind auf einer eigenen Seite zusammengefasst.<\/p>\n\n\n\n<p class=\"has-medium-font-size\"><a href=\"https:\/\/ugl-muenchhausen.de\/?page_id=1061\" data-type=\"page\" data-id=\"1061\" target=\"_blank\" rel=\"noreferrer noopener\"><strong>\u25ba<\/strong> Fraktionsarbeit<\/a><\/p>\n\n\n\n<p>W\u00fcnsche und Kommentare k\u00f6nnen uns weiter \u00fcber das folgende Formular zugesandt werden: <\/p>\n\n\n\n<p class=\"has-medium-font-size\"><a href=\"https:\/\/ugl-muenchhausen.de\/?page_id=1408\" data-type=\"page\" data-id=\"1408\" target=\"_blank\" rel=\"noreferrer noopener\"><strong>\u25ba<\/strong> Gesucht: Ideen f\u00fcr die Kommunalpolitik<\/a><\/p>\n\n\n\n<p><\/p>\n\n\n\n<p><\/p>\n","protected":false},"excerpt":{"rendered":"<p>Die Unabh\u00e4ngige Gr\u00fcne Liste in M\u00fcnchhausen stellt auch f\u00fcr die kommende Legislatur wieder eine Liste auf. Neun Kandidatinnen und Kandidaten bewerben sich bei der Wahl am 15. M\u00e4rz 2026 um ein Mandat in der Gemeindevertretung: Die aktuelle Fraktion, bestehend aus Lena Siemon Marques, Burkhard Viehl und Gisela Wieland, kandidiert erneut, um sich weiterhin f\u00fcr Klima [&hellip;]<\/p>\n","protected":false},"author":1,"featured_media":0,"parent":0,"menu_order":0,"comment_status":"closed","ping_status":"closed","template":"","meta":{"footnotes":""},"categories":[7],"tags":[],"class_list":["post-1405","page","type-page","status-publish","hentry","category-2026-wahl"],"_links":{"self":[{"href":"https:\/\/ugl-muenchhausen.de\/index.php?rest_route=\/wp\/v2\/pages\/1405","targetHints":{"allow":["GET"]}}],"collection":[{"href":"https:\/\/ugl-muenchhausen.de\/index.php?rest_route=\/wp\/v2\/pages"}],"about":[{"href":"https:\/\/ugl-muenchhausen.de\/index.php?rest_route=\/wp\/v2\/types\/page"}],"author":[{"embeddable":true,"href":"https:\/\/ugl-muenchhausen.de\/index.php?rest_route=\/wp\/v2\/users\/1"}],"replies":[{"embeddable":true,"href":"https:\/\/ugl-muenchhausen.de\/index.php?rest_route=%2Fwp%2Fv2%2Fcomments&post=1405"}],"version-history":[{"count":14,"href":"https:\/\/ugl-muenchhausen.de\/index.php?rest_route=\/wp\/v2\/pages\/1405\/revisions"}],"predecessor-version":[{"id":1534,"href":"https:\/\/ugl-muenchhausen.de\/index.php?rest_route=\/wp\/v2\/pages\/1405\/revisions\/1534"}],"wp:attachment":[{"href":"https:\/\/ugl-muenchhausen.de\/index.php?rest_route=%2Fwp%2Fv2%2Fmedia&parent=1405"}],"wp:term":[{"taxonomy":"category","embeddable":true,"href":"https:\/\/ugl-muenchhausen.de\/index.php?rest_route=%2Fwp%2Fv2%2Fcategories&post=1405"},{"taxonomy":"post_tag","embeddable":true,"href":"https:\/\/ugl-muenchhausen.de\/index.php?rest_route=%2Fwp%2Fv2%2Ftags&post=1405"}],"curies":[{"name":"wp","href":"https:\/\/api.w.org\/{rel}","templated":true}]}}