{"id":1408,"date":"2026-01-05T23:39:29","date_gmt":"2026-01-05T22:39:29","guid":{"rendered":"https:\/\/ugl-muenchhausen.de\/?page_id=1408"},"modified":"2026-02-20T01:43:09","modified_gmt":"2026-02-20T00:43:09","slug":"gesucht-ideen-fuer-die-kommunalpolitik","status":"publish","type":"page","link":"https:\/\/ugl-muenchhausen.de\/?page_id=1408","title":{"rendered":"Gesucht: Ideen f\u00fcr die Kommunalpolitik"},"content":{"rendered":"\n<p>Am 15. M\u00e4rz 2026 findet in Hessen die Kommunalwahl statt.<\/p>\n\n\n\n<p>Wir als UGL stehen f\u00fcr eine parteiunabh\u00e4ngige sachbezogene, nachhaltige, &#8222;gr\u00fcne&#8220; Kommunalpolitik f\u00fcr die B\u00fcrgerinnen und B\u00fcrger M\u00fcnchhausens. Daher wollen wir nat\u00fcrlich wissen, was von uns erwartet wird, wof\u00fcr wir uns in der Gemeindevertretung einsetzen sollen.<\/p>\n\n\n\n<p>Das folgende Kontaktformular bietet die M\u00f6glichkeit, uns mitzuteilen:<\/p>\n\n\n\n<ul class=\"wp-block-list\">\n<li>Welche W\u00fcnsche gibt es f\u00fcr M\u00fcnchhausen?<\/li>\n\n\n\n<li>Wo besteht Handlungsbedarf?<\/li>\n\n\n\n<li>Welche Themen sollte die UGL in M\u00fcnchhausen angehen?<\/li>\n\n\n\n<li>Welche Erwartungen gibt es an die UGL?<\/li>\n<\/ul>\n\n\n\n<p class=\"has-small-font-size\"><em><strong>Hinweis: <\/strong>Die eingegebenen Daten werden nur intern durch die UGL ausgewertet. Wenn Name und E-mail-Adresse angegeben werden, gilt das als Zustimmung, dass die UGL f\u00fcr R\u00fcckmeldungen Kontakt aufnehmen darf. Namen und E-mail-Adresse werden von uns nicht weitergegeben.<\/em><\/p>\n\n\n\n<p><strong>Wir freuen uns auf R\u00fcckmeldungen!<\/strong><\/p>\n\n\n<style id=\"wpforms-css-vars-1351\">\n\t\t\t\t#wpforms-1351 {\n\t\t\t\t--wpforms-field-border-radius: 0px;\n--wpforms-field-border-color: #cccccc;\n--wpforms-field-border-color-spare: #cccccc;\n--wpforms-field-text-color: #336633;\n--wpforms-label-color: #336633;\n--wpforms-label-sublabel-color: #7f7f7f;\n--wpforms-label-error-color: #ff0000;\n--wpforms-button-border-style: solid;\n--wpforms-button-border-radius: 0px;\n--wpforms-button-background-color: #dddddd;\n--wpforms-button-border-color: #cccccc;\n--wpforms-button-text-color: #336633;\n--wpforms-container-padding: 0px;\n--wpforms-container-border-width: 1px;\n--wpforms-container-border-radius: 3px;\n--wpforms-background-color: rgba(0, 0, 0, 0);\n--wpforms-page-break-color: #dddddd;\n--wpforms-field-size-input-height: 43px;\n--wpforms-field-size-input-spacing: 15px;\n--wpforms-field-size-font-size: 16px;\n--wpforms-field-size-line-height: 19px;\n--wpforms-field-size-padding-h: 14px;\n--wpforms-field-size-checkbox-size: 16px;\n--wpforms-field-size-sublabel-spacing: 5px;\n--wpforms-field-size-icon-size: 1;\n--wpforms-label-size-font-size: 14px;\n--wpforms-label-size-line-height: 17px;\n--wpforms-label-size-sublabel-font-size: 13px;\n--wpforms-label-size-sublabel-line-height: 16px;\n--wpforms-button-size-font-size: 17px;\n--wpforms-button-size-height: 41px;\n--wpforms-button-size-padding-h: 15px;\n--wpforms-button-size-margin-top: 10px;\n--wpforms-container-shadow-size-box-shadow: none;\n\t\t\t}\n\t\t\t<\/style><div class=\"wpforms-container wpforms-container-full wpforms-render-modern\" id=\"wpforms-1351\"><form id=\"wpforms-form-1351\" class=\"wpforms-validate wpforms-form wpforms-ajax-form\" data-formid=\"1351\" method=\"post\" enctype=\"multipart\/form-data\" action=\"\/index.php?rest_route=%2Fwp%2Fv2%2Fpages%2F1408\" data-token=\"b2f7d7a2a05f50f231405f555827756e\" data-token-time=\"1776562293\"><noscript class=\"wpforms-error-noscript\">Bitte aktiviere JavaScript in deinem Browser, um dieses Formular fertigzustellen.<\/noscript><div id=\"wpforms-error-noscript\" style=\"display: none;\">Bitte aktiviere JavaScript in deinem Browser, um dieses Formular fertigzustellen.<\/div><div class=\"wpforms-field-container\"><div id=\"wpforms-1351-field_3-container\" class=\"wpforms-field wpforms-field-textarea\" data-field-id=\"3\"><label class=\"wpforms-field-label\" for=\"wpforms-1351-field_3\">Wof\u00fcr soll sich die UGL in M\u00fcnchhausen einsetzen? <span class=\"wpforms-required-label\" aria-hidden=\"true\">*<\/span><\/label><textarea id=\"wpforms-1351-field_3\" class=\"wpforms-field-medium wpforms-field-required\" name=\"wpforms[fields][3]\" aria-errormessage=\"wpforms-1351-field_3-error\" required><\/textarea><\/div>\t\t<div id=\"wpforms-1351-field_4-container\"\n\t\t\tclass=\"wpforms-field wpforms-field-text\"\n\t\t\tdata-field-type=\"text\"\n\t\t\tdata-field-id=\"4\"\n\t\t\t>\n\t\t\t<label class=\"wpforms-field-label\" for=\"wpforms-1351-field_4\" >M\u00fcnchhausen Pflichtfeld) Absender<\/label>\n\t\t\t<input type=\"text\" id=\"wpforms-1351-field_4\" class=\"wpforms-field-medium\" name=\"wpforms[fields][4]\" >\n\t\t<\/div>\n\t\t<div id=\"wpforms-1351-field_1-container\" class=\"wpforms-field wpforms-field-name\" data-field-id=\"1\"><fieldset><legend class=\"wpforms-field-label\">Sch\u00f6n w\u00e4re zu wissen, wer der Absender ist (kein Pflichtfeld)<\/legend><div class=\"wpforms-field-row wpforms-field-medium\"><div class=\"wpforms-field-row-block wpforms-first wpforms-one-half\"><input type=\"text\" id=\"wpforms-1351-field_1\" class=\"wpforms-field-name-first\" name=\"wpforms[fields][1][first]\" aria-errormessage=\"wpforms-1351-field_1-error\" ><label for=\"wpforms-1351-field_1\" class=\"wpforms-field-sublabel after\">Vorname<\/label><\/div><div class=\"wpforms-field-row-block wpforms-one-half\"><input type=\"text\" id=\"wpforms-1351-field_1-last\" class=\"wpforms-field-name-last\" name=\"wpforms[fields][1][last]\" aria-errormessage=\"wpforms-1351-field_1-last-error\" ><label for=\"wpforms-1351-field_1-last\" class=\"wpforms-field-sublabel after\">Nachname<\/label><\/div><\/div><\/fieldset><\/div><div id=\"wpforms-1351-field_2-container\" class=\"wpforms-field wpforms-field-email\" data-field-id=\"2\"><label class=\"wpforms-field-label\" for=\"wpforms-1351-field_2\">E-Mail-Adresse, wenn R\u00fcckmeldung gew\u00fcnscht wird (kein Pflichtfeld)<\/label><input type=\"email\" id=\"wpforms-1351-field_2\" class=\"wpforms-field-medium\" name=\"wpforms[fields][2]\" spellcheck=\"false\" aria-errormessage=\"wpforms-1351-field_2-error\" ><\/div><script>\n\t\t\t\t( function() {\n\t\t\t\t\tconst style = document.createElement( 'style' );\n\t\t\t\t\tstyle.appendChild( document.createTextNode( '#wpforms-1351-field_4-container { position: absolute !important; overflow: hidden !important; display: inline !important; height: 1px !important; width: 1px !important; z-index: -1000 !important; padding: 0 !important; } #wpforms-1351-field_4-container input { visibility: hidden; } #wpforms-conversational-form-page #wpforms-1351-field_4-container label { counter-increment: none; }' ) );\n\t\t\t\t\tdocument.head.appendChild( style );\n\t\t\t\t\tdocument.currentScript?.remove();\n\t\t\t\t} )();\n\t\t\t<\/script><\/div><!-- .wpforms-field-container --><div class=\"wpforms-submit-container\" ><input type=\"hidden\" name=\"wpforms[id]\" value=\"1351\"><input type=\"hidden\" name=\"page_title\" value=\"\"><input type=\"hidden\" name=\"page_url\" value=\"https:\/\/ugl-muenchhausen.de\/index.php?rest_route=\/wp\/v2\/pages\/1408\"><input type=\"hidden\" name=\"url_referer\" value=\"\"><button type=\"submit\" name=\"wpforms[submit]\" id=\"wpforms-submit-1351\" class=\"wpforms-submit\" data-alt-text=\"Wird gesendet\u00a0\u2026\" data-submit-text=\"Absenden\" aria-live=\"assertive\" value=\"wpforms-submit\">Absenden<\/button><img loading=\"lazy\" decoding=\"async\" src=\"https:\/\/ugl-muenchhausen.de\/wp-content\/plugins\/wpforms-lite\/assets\/images\/submit-spin.svg\" class=\"wpforms-submit-spinner\" style=\"display: none;\" width=\"26\" height=\"26\" alt=\"Wird geladen\"><\/div><\/form><\/div>  <!-- .wpforms-container -->\n","protected":false},"excerpt":{"rendered":"<p>Am 15. M\u00e4rz 2026 findet in Hessen die Kommunalwahl statt. Wir als UGL stehen f\u00fcr eine parteiunabh\u00e4ngige sachbezogene, nachhaltige, &#8222;gr\u00fcne&#8220; Kommunalpolitik f\u00fcr die B\u00fcrgerinnen und B\u00fcrger M\u00fcnchhausens. Daher wollen wir nat\u00fcrlich wissen, was von uns erwartet wird, wof\u00fcr wir uns in der Gemeindevertretung einsetzen sollen. Das folgende Kontaktformular bietet die M\u00f6glichkeit, uns mitzuteilen: Hinweis: Die [&hellip;]<\/p>\n","protected":false},"author":1,"featured_media":0,"parent":1405,"menu_order":0,"comment_status":"closed","ping_status":"closed","template":"","meta":{"footnotes":""},"categories":[7],"tags":[],"class_list":["post-1408","page","type-page","status-publish","hentry","category-2026-wahl"],"_links":{"self":[{"href":"https:\/\/ugl-muenchhausen.de\/index.php?rest_route=\/wp\/v2\/pages\/1408","targetHints":{"allow":["GET"]}}],"collection":[{"href":"https:\/\/ugl-muenchhausen.de\/index.php?rest_route=\/wp\/v2\/pages"}],"about":[{"href":"https:\/\/ugl-muenchhausen.de\/index.php?rest_route=\/wp\/v2\/types\/page"}],"author":[{"embeddable":true,"href":"https:\/\/ugl-muenchhausen.de\/index.php?rest_route=\/wp\/v2\/users\/1"}],"replies":[{"embeddable":true,"href":"https:\/\/ugl-muenchhausen.de\/index.php?rest_route=%2Fwp%2Fv2%2Fcomments&post=1408"}],"version-history":[{"count":3,"href":"https:\/\/ugl-muenchhausen.de\/index.php?rest_route=\/wp\/v2\/pages\/1408\/revisions"}],"predecessor-version":[{"id":1414,"href":"https:\/\/ugl-muenchhausen.de\/index.php?rest_route=\/wp\/v2\/pages\/1408\/revisions\/1414"}],"up":[{"embeddable":true,"href":"https:\/\/ugl-muenchhausen.de\/index.php?rest_route=\/wp\/v2\/pages\/1405"}],"wp:attachment":[{"href":"https:\/\/ugl-muenchhausen.de\/index.php?rest_route=%2Fwp%2Fv2%2Fmedia&parent=1408"}],"wp:term":[{"taxonomy":"category","embeddable":true,"href":"https:\/\/ugl-muenchhausen.de\/index.php?rest_route=%2Fwp%2Fv2%2Fcategories&post=1408"},{"taxonomy":"post_tag","embeddable":true,"href":"https:\/\/ugl-muenchhausen.de\/index.php?rest_route=%2Fwp%2Fv2%2Ftags&post=1408"}],"curies":[{"name":"wp","href":"https:\/\/api.w.org\/{rel}","templated":true}]}}