{"id":1464,"date":"2026-01-28T15:34:27","date_gmt":"2026-01-28T14:34:27","guid":{"rendered":"https:\/\/ugl-muenchhausen.de\/?page_id=1464"},"modified":"2026-03-04T02:04:50","modified_gmt":"2026-03-04T01:04:50","slug":"wahlprogramm-2026","status":"publish","type":"page","link":"https:\/\/ugl-muenchhausen.de\/?page_id=1464","title":{"rendered":"Wahlprogramm 2026"},"content":{"rendered":"\n<h2 class=\"wp-block-heading\">Die Welt hat sich ver\u00e4ndert<\/h2>\n\n\n\n<p>Seit der letzten Kommunalwahl in 2021 hat sich viel ver\u00e4ndert:<\/p>\n\n\n\n<ul class=\"wp-block-list\">\n<li>Zunehmende Gef\u00e4hrdung des Klimas und der Artenvielfalt<\/li>\n\n\n\n<li>Energie- und Wirtschaftskrise<\/li>\n\n\n\n<li>Sicherheitspolitische Bedrohungen<\/li>\n\n\n\n<li>Erstarken extremer und antidemokratischer Parteien<\/li>\n<\/ul>\n\n\n\n<p>Klima- und Naturschutz rutschen derweil auf der politischen Agenda nach unten. Hier m\u00f6chten wir gegenarbeiten. Wir <s>glauben<\/s> sind \u00fcberzeugt, dass Wirtschaftswachstum und Sicherheit abh\u00e4ngig sind von Erhaltung und nachhaltiger Nutzung nat\u00fcrlicher Ressourcen.&nbsp;<\/p>\n\n\n\n<p>Die ver\u00e4nderte Lage betrifft auch die kommunale Ebene. Die finanziellen Gestaltungsspielr\u00e4ume werden kleiner. Gleichzeitig wird der kommunalpolitische Handlungsbedarf gr\u00f6\u00dfer. Wir denken, dass gerade auf lokaler Ebene demokratische Strukturen gest\u00e4rkt und Spielr\u00e4ume genutzt werden k\u00f6nnen.<\/p>\n\n\n\n<h2 class=\"wp-block-heading\">Was wir bislang erreicht haben<\/h2>\n\n\n\n<p>Wir sind <strong>pr\u00e4sent<\/strong>. Als kleinste Fraktion nehmen wir an fast allen Sitzungen der Gemeindevertretung, Aussch\u00fcsse und weiterer Gremien (z.B. Klimakommission, Verb\u00e4nde) vollz\u00e4hlig teil.<\/p>\n\n\n\n<p>Wir f\u00fchren als einzige Fraktion regelm\u00e4\u00dfig eigene <strong>Informationsveranstaltungen <\/strong>durch: zur Energiewende, zu Naturg\u00e4rten, Rechtspopulismus und Waldschutz.<\/p>\n\n\n\n<p>Wir begleiten politische Entscheidungen <strong>kritisch und konstruktiv, bringen neue Themen ein. <\/strong>&nbsp;Wir bereiten jede Sitzung der Gemeindevertretung in der Fraktion gemeinsam vor und informieren auf unserer Homepage \u00fcber unsere Arbeit.<\/p>\n\n\n\n<p>Wir <strong>beteiligen uns aktiv in der Gemeindevertretung <\/strong>und haben in der Legislaturperiode 15 Anfragen und 11 Antr\u00e4ge gestellt. Von den Antr\u00e4gen wurden 7 angenommen und nur einer abgelehnt, was von einer konstruktiven Zusammenarbeit \u00fcber Fraktionsgrenzen hinweg zeugt.<\/p>\n\n\n\n<p>Unser Ziel aus 2021 \u201eMehr Frauen in der Kommunalpolitik\u201c f\u00fchrte zur Wahl der <strong>ersten Frau in den Gemeindevorstand<\/strong> seit Gr\u00fcndung der Gemeinde.<\/p>\n\n\n\n<p>Die Unabh\u00e4ngige Gr\u00fcne Liste M\u00fcnchhausen (UGL) m\u00f6chte die konstruktive Arbeit f\u00fcr die Gemeinde M\u00fcnchhausen fortsetzen.<\/p>\n\n\n\n<p>Die Interessen und das Gemeinwohl aller B\u00fcrgerinnen und B\u00fcrger stehen im Mittelpunkt unserer Politik. Wir engagieren uns ortsteil- und generationen\u00fcbergreifend f\u00fcr eine Gemeinde mit Zukunft.<\/p>\n\n\n\n<p><a href=\"https:\/\/ugl-muenchhausen.de\/?page_id=1061\" data-type=\"page\" data-id=\"1061\" target=\"_blank\" rel=\"noreferrer noopener\">\u25ba Weitere Informationen zur bisherigen Arbeit der Fraktion<\/a><\/p>\n\n\n\n<h2 class=\"wp-block-heading\">Unsere Programmpunkte<\/h2>\n\n\n\n<p>Ein Klick auf das Symbol<em> <\/em><img loading=\"lazy\" decoding=\"async\" width=\"20\" height=\"24\" class=\"wp-image-1475\" style=\"width: 20px;\" src=\"https:\/\/ugl-muenchhausen.de\/wp-content\/uploads\/2026\/01\/Infosymbol2.gif\" alt=\"\"> hinter den Punkten des Programms liefert weitere Informationen. Diese f\u00fcgen wir nach und nach dazu.<\/p>\n\n\n\n<h3 class=\"wp-block-heading\">F\u00fcr Klima und Natur:<\/h3>\n\n\n\n<ul class=\"wp-block-list\">\n<li>Fortsetzung Klimaschutzkommission <a href=\"https:\/\/ugl-muenchhausen.de\/?page_id=1568\"><img loading=\"lazy\" decoding=\"async\" width=\"20\" height=\"24\" class=\"wp-image-1475\" style=\"width: 20px;\" src=\"https:\/\/ugl-muenchhausen.de\/wp-content\/uploads\/2026\/01\/Infosymbol2.gif\" alt=\"\"><\/a><\/li>\n\n\n\n<li>Naturnahe und lokale Bewirtschaftung gemeindeeigener Fl\u00e4chen, Insekten- und Grundwasserschutz und Verringerung der Bodenerosion, D\u00fcnger- und Pestizid-Reduzierung <a href=\"https:\/\/ugl-muenchhausen.de\/?page_id=1570\" data-type=\"page\" data-id=\"1570\"><img loading=\"lazy\" decoding=\"async\" width=\"20\" height=\"24\" class=\"wp-image-1475\" style=\"width: 20px;\" src=\"https:\/\/ugl-muenchhausen.de\/wp-content\/uploads\/2026\/01\/Infosymbol2.gif\" alt=\"\"><\/a><\/li>\n\n\n\n<li>Fl\u00e4chenverbrauch minimieren durch inner\u00f6rtliches Bauen und Entsiegelung <a href=\"https:\/\/ugl-muenchhausen.de\/?page_id=1572\" data-type=\"page\" data-id=\"1572\"><img loading=\"lazy\" decoding=\"async\" width=\"20\" height=\"24\" class=\"wp-image-1475\" style=\"width: 20px;\" src=\"https:\/\/ugl-muenchhausen.de\/wp-content\/uploads\/2026\/01\/Infosymbol2.gif\" alt=\"\"><\/a><\/li>\n\n\n\n<li>Unterst\u00fctzung weiterer Ma\u00dfnahmen f\u00fcr Klimaanpassung und Klimaschutz, z.B. aus dem Starkregenma\u00dfnahmenkonzept <a href=\"https:\/\/ugl-muenchhausen.de\/?page_id=1574\" data-type=\"page\" data-id=\"1574\"><img loading=\"lazy\" decoding=\"async\" width=\"20\" height=\"24\" class=\"wp-image-1475\" style=\"width: 20px;\" src=\"https:\/\/ugl-muenchhausen.de\/wp-content\/uploads\/2026\/01\/Infosymbol2.gif\" alt=\"\"><\/a><\/li>\n\n\n\n<li>\u00d6ffentliche Bl\u00fchfl\u00e4chen ausweiten, weniger m\u00e4hen, B\u00e4ume pflanzen<\/li>\n<\/ul>\n\n\n\n<h3 class=\"wp-block-heading\">F\u00fcr die Energiewende: <a href=\"https:\/\/ugl-muenchhausen.de\/?page_id=1605\" data-type=\"page\" data-id=\"1605\"><img loading=\"lazy\" decoding=\"async\" width=\"20\" height=\"24\" class=\"wp-image-1475\" style=\"width: 20px;\" src=\"https:\/\/ugl-muenchhausen.de\/wp-content\/uploads\/2026\/01\/Infosymbol2.gif\" alt=\"\"><\/a><\/h3>\n\n\n\n<ul class=\"wp-block-list\">\n<li>Ausbau und Speicherung erneuerbarer Energien vor Ort vorantreiben  <a href=\"https:\/\/ugl-muenchhausen.de\/?page_id=1544\" data-type=\"page\" data-id=\"1544\"><img loading=\"lazy\" decoding=\"async\" width=\"20\" height=\"24\" class=\"wp-image-1475\" style=\"width: 20px;\" src=\"https:\/\/ugl-muenchhausen.de\/wp-content\/uploads\/2026\/01\/Infosymbol2.gif\" alt=\"\"><\/a><\/li>\n\n\n\n<li>Energiegenossenschaft unterst\u00fctzen <a href=\"https:\/\/ugl-muenchhausen.de\/?page_id=1578\" data-type=\"page\" data-id=\"1578\"><img loading=\"lazy\" decoding=\"async\" width=\"20\" height=\"24\" class=\"wp-image-1475\" style=\"width: 20px;\" src=\"https:\/\/ugl-muenchhausen.de\/wp-content\/uploads\/2026\/01\/Infosymbol2.gif\" alt=\"\"><\/a><\/li>\n\n\n\n<li>Weiterer Ausbau der Infrastruktur f\u00fcr Elektromobilit\u00e4t in allen Ortsteilen <a href=\"https:\/\/ugl-muenchhausen.de\/?page_id=1580\" data-type=\"page\" data-id=\"1580\"><img loading=\"lazy\" decoding=\"async\" width=\"20\" height=\"24\" class=\"wp-image-1475\" style=\"width: 20px;\" src=\"https:\/\/ugl-muenchhausen.de\/wp-content\/uploads\/2026\/01\/Infosymbol2.gif\" alt=\"\"><\/a><\/li>\n\n\n\n<li>Nachhaltig produzierte Heizenergie f\u00f6rdern <a href=\"https:\/\/ugl-muenchhausen.de\/?page_id=1611\" data-type=\"page\" data-id=\"1611\"><img loading=\"lazy\" decoding=\"async\" width=\"20\" height=\"24\" class=\"wp-image-1475\" style=\"width: 20px;\" src=\"https:\/\/ugl-muenchhausen.de\/wp-content\/uploads\/2026\/01\/Infosymbol2.gif\" alt=\"\"><\/a><\/li>\n<\/ul>\n\n\n\n<h3 class=\"wp-block-heading\">F\u00fcr Kinder und Familien:<\/h3>\n\n\n\n<ul class=\"wp-block-list\">\n<li>Koordination der KiTa-Tr\u00e4ger st\u00e4rken <a href=\"https:\/\/ugl-muenchhausen.de\/?page_id=1620\" data-type=\"page\" data-id=\"1620\"><img loading=\"lazy\" decoding=\"async\" width=\"20\" height=\"24\" class=\"wp-image-1475\" style=\"width: 20px;\" src=\"https:\/\/ugl-muenchhausen.de\/wp-content\/uploads\/2026\/01\/Infosymbol2.gif\" alt=\"\"><\/a><\/li>\n\n\n\n<li>Austausch zwischen kommunalen Gremien und Elternvertreter*innen aus KiTas und Schule st\u00e4rken&nbsp; <a href=\"https:\/\/ugl-muenchhausen.de\/?page_id=1622\" data-type=\"page\" data-id=\"1622\"><img loading=\"lazy\" decoding=\"async\" width=\"20\" height=\"24\" class=\"wp-image-1475\" style=\"width: 20px;\" src=\"https:\/\/ugl-muenchhausen.de\/wp-content\/uploads\/2026\/01\/Infosymbol2.gif\" alt=\"\"><\/a><\/li>\n\n\n\n<li>M\u00f6glichkeiten kommunaler Angebote und Beteiligungsm\u00f6glichkeiten f\u00fcr Kinder und Jugendliche pr\u00fcfen  <a href=\"https:\/\/ugl-muenchhausen.de\/?page_id=1624\" data-type=\"page\" data-id=\"1624\"><img loading=\"lazy\" decoding=\"async\" width=\"20\" height=\"24\" class=\"wp-image-1475\" style=\"width: 20px;\" src=\"https:\/\/ugl-muenchhausen.de\/wp-content\/uploads\/2026\/01\/Infosymbol2.gif\" alt=\"\"><\/a><\/li>\n<\/ul>\n\n\n\n<h3 class=\"wp-block-heading\">F\u00fcr Versorgungssicherheit und Zivilschutz:<\/h3>\n\n\n\n<ul class=\"wp-block-list\">\n<li>Nutzung und Schutz bestehender Infrastruktur<\/li>\n\n\n\n<li>Grundwasserspiegel und -qualit\u00e4t beobachten und R\u00fcckhaltung sicherstellen<\/li>\n\n\n\n<li>Energieunabh\u00e4ngigkeit durch Erneuerbare st\u00e4rken<\/li>\n\n\n\n<li>St\u00e4rkung Feuerwehr und Notfallversorgung; Entwicklung von Zivilschutzkonzepten unter Einbindung der Ortsbeir\u00e4te<\/li>\n<\/ul>\n\n\n\n<h3 class=\"wp-block-heading\">F\u00fcr zukunftsf\u00e4higes Wirtschaften:<\/h3>\n\n\n\n<ul class=\"wp-block-list\">\n<li>Einhaltung der nachhaltigen Bebauungsvorschriften im Gewerbegebiet, vorrangige Ansiedlung von Unternehmen, die Arbeitspl\u00e4tze schaffen<\/li>\n\n\n\n<li>Bewerbung \/ Verkauf regionaler Produkte f\u00f6rdern<\/li>\n\n\n\n<li>Ausbau von Breitband-, Glasfaser- und Mobilfunknetz weiter vorantreiben<\/li>\n\n\n\n<li>Digitale Verwaltungsdienstleistungen ausbauen<\/li>\n<\/ul>\n\n\n\n<h3 class=\"wp-block-heading\">F\u00fcr \u201egr\u00fcne\u201c Mobilit\u00e4t:<\/h3>\n\n\n\n<ul class=\"wp-block-list\">\n<li>Sichere Fu\u00df- und Schulwege sowie \u00d6PNV-Haltestellen  <a href=\"https:\/\/ugl-muenchhausen.de\/?page_id=1634\" data-type=\"page\" data-id=\"1634\"><img loading=\"lazy\" decoding=\"async\" width=\"20\" height=\"24\" class=\"wp-image-1475\" style=\"width: 20px;\" src=\"https:\/\/ugl-muenchhausen.de\/wp-content\/uploads\/2026\/01\/Infosymbol2.gif\" alt=\"\"><\/a><\/li>\n\n\n\n<li>Sichere Radverbindungen zwischen den Ortsteilen  <a href=\"https:\/\/ugl-muenchhausen.de\/?page_id=1636\" data-type=\"page\" data-id=\"1636\"><img loading=\"lazy\" decoding=\"async\" width=\"20\" height=\"24\" class=\"wp-image-1475\" style=\"width: 20px;\" src=\"https:\/\/ugl-muenchhausen.de\/wp-content\/uploads\/2026\/01\/Infosymbol2.gif\" alt=\"\"><\/a><\/li>\n\n\n\n<li>Tempo 30 in den Ortsdurchfahrten  <a href=\"https:\/\/ugl-muenchhausen.de\/?page_id=1638\" data-type=\"page\" data-id=\"1638\"><img loading=\"lazy\" decoding=\"async\" width=\"20\" height=\"24\" class=\"wp-image-1475\" style=\"width: 20px;\" src=\"https:\/\/ugl-muenchhausen.de\/wp-content\/uploads\/2026\/01\/Infosymbol2.gif\" alt=\"\"><\/a><\/li>\n\n\n\n<li>Geschwindigkeitsbegrenzung und Beschilderung an Gefahrenstellen der B252-neu  <a href=\"https:\/\/ugl-muenchhausen.de\/?page_id=1640\" data-type=\"page\" data-id=\"1640\"><img loading=\"lazy\" decoding=\"async\" width=\"20\" height=\"24\" class=\"wp-image-1475\" style=\"width: 20px;\" src=\"https:\/\/ugl-muenchhausen.de\/wp-content\/uploads\/2026\/01\/Infosymbol2.gif\" alt=\"\"><\/a><\/li>\n\n\n\n<li>Aktive Begleitung der Umsetzung des Dorfentwicklungsprogramms IKEK im Sinne von b\u00fcrger- und umweltfreundlicher Mobilit\u00e4t<\/li>\n<\/ul>\n\n\n\n<h3 class=\"wp-block-heading\">F\u00fcr solide Gemeindefinanzen und vorausschauende Politik:<\/h3>\n\n\n\n<ul class=\"wp-block-list\">\n<li>Kontinuierliche \u00dcberpr\u00fcfung und Aktualisierung des auf Antrag der UGL erstellten KiTa Konzepts<\/li>\n\n\n\n<li>Unterst\u00fctzung der Gemeindeverwaltung bei interkommunaler Zusammenarbeit und Nutzung von F\u00f6rderprogrammen (wo sinnvoll)<\/li>\n\n\n\n<li>Transparenz f\u00fcr B\u00fcrgerinnen und B\u00fcrger bei Planungen und Beschl\u00fcssen der Gemeindeorgane<\/li>\n\n\n\n<li>Fraktions\u2013 und Kommunen\u00fcbergreifender Einsatz f\u00fcr den Erhalt freier Verf\u00fcgungsmittel &#8211; Bund und Land m\u00fcssen die den Kommunen \u00fcbertragenen Aufgaben auch finanzieren<\/li>\n<\/ul>\n\n\n\n<p><\/p>\n","protected":false},"excerpt":{"rendered":"<p>Die Welt hat sich ver\u00e4ndert Seit der letzten Kommunalwahl in 2021 hat sich viel ver\u00e4ndert: Klima- und Naturschutz rutschen derweil auf der politischen Agenda nach unten. Hier m\u00f6chten wir gegenarbeiten. Wir glauben sind \u00fcberzeugt, dass Wirtschaftswachstum und Sicherheit abh\u00e4ngig sind von Erhaltung und nachhaltiger Nutzung nat\u00fcrlicher Ressourcen.&nbsp; Die ver\u00e4nderte Lage betrifft auch die kommunale Ebene. [&hellip;]<\/p>\n","protected":false},"author":1,"featured_media":0,"parent":1405,"menu_order":0,"comment_status":"closed","ping_status":"closed","template":"","meta":{"footnotes":""},"categories":[7],"tags":[],"class_list":["post-1464","page","type-page","status-publish","hentry","category-2026-wahl"],"_links":{"self":[{"href":"https:\/\/ugl-muenchhausen.de\/index.php?rest_route=\/wp\/v2\/pages\/1464","targetHints":{"allow":["GET"]}}],"collection":[{"href":"https:\/\/ugl-muenchhausen.de\/index.php?rest_route=\/wp\/v2\/pages"}],"about":[{"href":"https:\/\/ugl-muenchhausen.de\/index.php?rest_route=\/wp\/v2\/types\/page"}],"author":[{"embeddable":true,"href":"https:\/\/ugl-muenchhausen.de\/index.php?rest_route=\/wp\/v2\/users\/1"}],"replies":[{"embeddable":true,"href":"https:\/\/ugl-muenchhausen.de\/index.php?rest_route=%2Fwp%2Fv2%2Fcomments&post=1464"}],"version-history":[{"count":27,"href":"https:\/\/ugl-muenchhausen.de\/index.php?rest_route=\/wp\/v2\/pages\/1464\/revisions"}],"predecessor-version":[{"id":1643,"href":"https:\/\/ugl-muenchhausen.de\/index.php?rest_route=\/wp\/v2\/pages\/1464\/revisions\/1643"}],"up":[{"embeddable":true,"href":"https:\/\/ugl-muenchhausen.de\/index.php?rest_route=\/wp\/v2\/pages\/1405"}],"wp:attachment":[{"href":"https:\/\/ugl-muenchhausen.de\/index.php?rest_route=%2Fwp%2Fv2%2Fmedia&parent=1464"}],"wp:term":[{"taxonomy":"category","embeddable":true,"href":"https:\/\/ugl-muenchhausen.de\/index.php?rest_route=%2Fwp%2Fv2%2Fcategories&post=1464"},{"taxonomy":"post_tag","embeddable":true,"href":"https:\/\/ugl-muenchhausen.de\/index.php?rest_route=%2Fwp%2Fv2%2Ftags&post=1464"}],"curies":[{"name":"wp","href":"https:\/\/api.w.org\/{rel}","templated":true}]}}