{"id":1544,"date":"2026-02-10T23:39:58","date_gmt":"2026-02-10T22:39:58","guid":{"rendered":"https:\/\/ugl-muenchhausen.de\/?page_id=1544"},"modified":"2026-02-20T03:43:12","modified_gmt":"2026-02-20T02:43:12","slug":"ausbau-und-speicherung-erneuerbarer-energien-vor-ort-vorantreiben","status":"publish","type":"page","link":"https:\/\/ugl-muenchhausen.de\/?page_id=1544","title":{"rendered":"Ausbau und Speicherung erneuerbarer Energien vor Ort vorantreiben"},"content":{"rendered":"\n<figure class=\"wp-block-image size-large\"><img loading=\"lazy\" decoding=\"async\" width=\"1024\" height=\"437\" src=\"https:\/\/ugl-muenchhausen.de\/wp-content\/uploads\/2026\/01\/Windpark-Niederasphe-scaled-e1769479677525-1024x437.jpg\" alt=\"\" class=\"wp-image-1438\" srcset=\"https:\/\/ugl-muenchhausen.de\/wp-content\/uploads\/2026\/01\/Windpark-Niederasphe-scaled-e1769479677525-1024x437.jpg 1024w, https:\/\/ugl-muenchhausen.de\/wp-content\/uploads\/2026\/01\/Windpark-Niederasphe-scaled-e1769479677525-300x128.jpg 300w, https:\/\/ugl-muenchhausen.de\/wp-content\/uploads\/2026\/01\/Windpark-Niederasphe-scaled-e1769479677525-768x328.jpg 768w, https:\/\/ugl-muenchhausen.de\/wp-content\/uploads\/2026\/01\/Windpark-Niederasphe-scaled-e1769479677525-1536x655.jpg 1536w, https:\/\/ugl-muenchhausen.de\/wp-content\/uploads\/2026\/01\/Windpark-Niederasphe-scaled-e1769479677525-2048x874.jpg 2048w, https:\/\/ugl-muenchhausen.de\/wp-content\/uploads\/2026\/01\/Windpark-Niederasphe-scaled-e1769479677525-624x266.jpg 624w\" sizes=\"auto, (max-width: 1024px) 100vw, 1024px\" \/><figcaption class=\"wp-element-caption\"><em>Windpark Niederasphe&nbsp;(Quelle: privat<\/em>)<\/figcaption><\/figure>\n\n\n\n<p><strong>Zun\u00e4chst einmal:<\/strong> M\u00fcnchhausen ist nicht schlecht aufgestellt, was die Erzeugung erneuerbarer Energie angeht:<\/p>\n\n\n\n<ul class=\"wp-block-list\">\n<li>Seit 2012 existiert der Solarpark Niederasphe \u2013 betrieben von den Stadtwerken Marburg<br>ein kleiner Anfang: mit ca. 550 kWp liefert er rechnerisch im Mittel Strom f\u00fcr bis zu 150 Haushalte<\/li>\n\n\n\n<li>2013 ging der Solarpark Oberasphe ans Netz und wurde 2018 noch einmal erweitert. Betreiber ist die Fa. Krug-Energie, die ihren Sitz in M\u00fcnchhausen-Wollmar hat. Anteile besitzt die Energiegenossenschaft M\u00fcnchhausen, an der Gemeinde und B\u00fcrger beteiligt sind. Mit ca. 3200 kWp wird Strom f\u00fcr bis zu 900 Haushalten geliefert.<\/li>\n\n\n\n<li>Seit dem Jahresende 2025 sind zwei der f\u00fcnf Windkraftanlagen im Windpark Niederasphe in Betrieb. Der Windpark wurde geplant von Krug-Energie und erbaut von der UKA-Gruppe. Als Betreiber ist inzwischen eine neu gegr\u00fcndete Gesellschaft Windenergie Niederasphe GmbH&amp;Co. KG mit Sitz in M\u00fcnchhausen-Wollmar eingetragen. An dieser sind die beiden vorgenannten Unternehmen beteiligt.<br>Wenn alle 5 Windr\u00e4der (je 5,7 MW Spitzenleistung) in Betrieb sein werden (soll bis sp\u00e4testens M\u00e4rz 2026 der Fall sein), liefern diese bei normalen Bedingungen im Mittel Strom f\u00fcr 12.500 Haushalte.<br>Aus jeder Kilowattstunde erzeugtem Strom erhalten die Anliegerkommunen 0,2 Cent. Den gr\u00f6\u00dften Teil davon erh\u00e4lt M\u00fcnchhausen, anteilig sind auch Battenberg (Gemarkung Frohnhausen) und Wetter (anliegende Gemarkungen) entsprechend der Fl\u00e4che im Radius von 2,5km um die Anlagen beteiligt.<\/li>\n\n\n\n<li>Zudem sind in den Ortsteilen von M\u00fcnchhausen derzeit 440 private Solaranlagen (vom Balkonkraftwerk bis zu Anlagen auf Scheunen und Hallen) registriert, fast 150 davon mit Speichern (Quelle: Marktstammdatenregister der Bundesnetzagentur).<\/li>\n<\/ul>\n\n\n\n<p><strong>Wo aber liegen die Probleme, die weitergehende Aktivit\u00e4ten erfordern?<\/strong><\/p>\n\n\n\n<p>Die Windr\u00e4der stehen oft still und die Einspeisung aus den Photovoltaikanlagen wird abgeschaltet, wenn mehr Strom produziert als verbraucht wird, bzw. als die Leitungsnetze aufnehmen k\u00f6nnen. Technisch ist es inzwischen durchaus m\u00f6glich, \u00fcbersch\u00fcssigen Strom zu speichern, wenn lokal entsprechende Anlagen zur Verf\u00fcgung stehen. Hier muss die Gemeinde in den n\u00e4chsten Jahren in Kooperation mit den Anlagenbetreibern und den Netzbetreibern nach M\u00f6glichkeiten suchen, eine solche Speicherung vor Ort zu erm\u00f6glichen. Als Standort k\u00e4me der Bereich neben dem neuen Umspannwerk oder das Gewerbegebiet in Frage. Davon w\u00fcrde die Gemeinde auch finanziell profitieren.<\/p>\n\n\n\n<p>Unabh\u00e4ngig muss die Errichtung von Photovoltaikanlagen mit nachgeschalteten Speicherl\u00f6sungen vorangetrieben werden. Die Gemeinde muss ihre eigenen Geb\u00e4ude ausr\u00fcsten, f\u00fcr private Geb\u00e4ude muss weiterhin Beratung zum Bau und zur F\u00f6rderung angeboten werden.<\/p>\n\n\n\n<figure class=\"wp-block-image size-full\"><img loading=\"lazy\" decoding=\"async\" width=\"600\" height=\"480\" src=\"https:\/\/ugl-muenchhausen.de\/wp-content\/uploads\/2026\/02\/Oberasphe.jpg\" alt=\"\" class=\"wp-image-1546\" srcset=\"https:\/\/ugl-muenchhausen.de\/wp-content\/uploads\/2026\/02\/Oberasphe.jpg 600w, https:\/\/ugl-muenchhausen.de\/wp-content\/uploads\/2026\/02\/Oberasphe-300x240.jpg 300w\" sizes=\"auto, (max-width: 600px) 100vw, 600px\" \/><\/figure>\n\n\n\n<p><em>Photovoltaikanlage Oberasphe (Quelle:&nbsp;Energiegenossenschaft M\u00fcnchhausen)<\/em><\/p>\n\n\n\n<button style=\"color: #CC9900; font-weight: bold;\" onclick=\"history.back()\">\u25c4 Zur\u00fcck<\/button>\n\n\n\n<p><\/p>\n","protected":false},"excerpt":{"rendered":"<p>Zun\u00e4chst einmal: M\u00fcnchhausen ist nicht schlecht aufgestellt, was die Erzeugung erneuerbarer Energie angeht: Wo aber liegen die Probleme, die weitergehende Aktivit\u00e4ten erfordern? Die Windr\u00e4der stehen oft still und die Einspeisung aus den Photovoltaikanlagen wird abgeschaltet, wenn mehr Strom produziert als verbraucht wird, bzw. als die Leitungsnetze aufnehmen k\u00f6nnen. Technisch ist es inzwischen durchaus m\u00f6glich, \u00fcbersch\u00fcssigen [&hellip;]<\/p>\n","protected":false},"author":1,"featured_media":0,"parent":1405,"menu_order":0,"comment_status":"closed","ping_status":"closed","template":"","meta":{"footnotes":""},"categories":[7],"tags":[],"class_list":["post-1544","page","type-page","status-publish","hentry","category-2026-wahl"],"_links":{"self":[{"href":"https:\/\/ugl-muenchhausen.de\/index.php?rest_route=\/wp\/v2\/pages\/1544","targetHints":{"allow":["GET"]}}],"collection":[{"href":"https:\/\/ugl-muenchhausen.de\/index.php?rest_route=\/wp\/v2\/pages"}],"about":[{"href":"https:\/\/ugl-muenchhausen.de\/index.php?rest_route=\/wp\/v2\/types\/page"}],"author":[{"embeddable":true,"href":"https:\/\/ugl-muenchhausen.de\/index.php?rest_route=\/wp\/v2\/users\/1"}],"replies":[{"embeddable":true,"href":"https:\/\/ugl-muenchhausen.de\/index.php?rest_route=%2Fwp%2Fv2%2Fcomments&post=1544"}],"version-history":[{"count":11,"href":"https:\/\/ugl-muenchhausen.de\/index.php?rest_route=\/wp\/v2\/pages\/1544\/revisions"}],"predecessor-version":[{"id":1619,"href":"https:\/\/ugl-muenchhausen.de\/index.php?rest_route=\/wp\/v2\/pages\/1544\/revisions\/1619"}],"up":[{"embeddable":true,"href":"https:\/\/ugl-muenchhausen.de\/index.php?rest_route=\/wp\/v2\/pages\/1405"}],"wp:attachment":[{"href":"https:\/\/ugl-muenchhausen.de\/index.php?rest_route=%2Fwp%2Fv2%2Fmedia&parent=1544"}],"wp:term":[{"taxonomy":"category","embeddable":true,"href":"https:\/\/ugl-muenchhausen.de\/index.php?rest_route=%2Fwp%2Fv2%2Fcategories&post=1544"},{"taxonomy":"post_tag","embeddable":true,"href":"https:\/\/ugl-muenchhausen.de\/index.php?rest_route=%2Fwp%2Fv2%2Ftags&post=1544"}],"curies":[{"name":"wp","href":"https:\/\/api.w.org\/{rel}","templated":true}]}}