{"id":1574,"date":"2026-02-20T02:05:55","date_gmt":"2026-02-20T01:05:55","guid":{"rendered":"https:\/\/ugl-muenchhausen.de\/?page_id=1574"},"modified":"2026-02-20T03:04:06","modified_gmt":"2026-02-20T02:04:06","slug":"unterstuetzung-weiterer-massnahmen","status":"publish","type":"page","link":"https:\/\/ugl-muenchhausen.de\/?page_id=1574","title":{"rendered":"Unterst\u00fctzung weiterer Ma\u00dfnahmen f\u00fcr Klimaanpassung und Klimaschutz, z.B. aus dem Starkregenma\u00dfnahmenkonzept"},"content":{"rendered":"\n<p>Fl\u00e4chenentsiegelung bzw. die Vermeidung weiterer Versiegelung sind ebenfalls wichtig f\u00fcr die Klimaanpassung. Versiegelte Fl\u00e4chen heizen sich stark auf und nehmen bei Starkregen kein Wasser auf. Der Starkregen in M\u00fcnchhausen in 2021 hat zudem gezeigt, dass auch M\u00fcnchhausen f\u00fcr Sch\u00e4den durch Starkregen anf\u00e4llig ist. Auf Antrag der UGL wurde eine Starkregenkarte erstellt. Das darauf aufbauende Starkregenma\u00dfnahmenkonzept zeigt Hebel und Ma\u00dfnahmen, die die Sch\u00e4den bei Starkregenereignissen verringern k\u00f6nnen. Wir m\u00f6chten uns in der kommenden Legislatur daf\u00fcr einsetzen, dass die Ma\u00dfnahmen, die darin vorgeschlagen werden, auch umgesetzt werden.<\/p>\n\n\n\n<button style=\"color: #CC9900; font-weight: bold;\" onclick=\"history.back()\">\u25c4 Zur\u00fcck<\/button>\n\n\n\n<p><\/p>\n","protected":false},"excerpt":{"rendered":"<p>Fl\u00e4chenentsiegelung bzw. die Vermeidung weiterer Versiegelung sind ebenfalls wichtig f\u00fcr die Klimaanpassung. Versiegelte Fl\u00e4chen heizen sich stark auf und nehmen bei Starkregen kein Wasser auf. Der Starkregen in M\u00fcnchhausen in 2021 hat zudem gezeigt, dass auch M\u00fcnchhausen f\u00fcr Sch\u00e4den durch Starkregen anf\u00e4llig ist. Auf Antrag der UGL wurde eine Starkregenkarte erstellt. Das darauf aufbauende Starkregenma\u00dfnahmenkonzept [&hellip;]<\/p>\n","protected":false},"author":1,"featured_media":0,"parent":1405,"menu_order":0,"comment_status":"closed","ping_status":"closed","template":"","meta":{"footnotes":""},"categories":[7],"tags":[],"class_list":["post-1574","page","type-page","status-publish","hentry","category-2026-wahl"],"_links":{"self":[{"href":"https:\/\/ugl-muenchhausen.de\/index.php?rest_route=\/wp\/v2\/pages\/1574","targetHints":{"allow":["GET"]}}],"collection":[{"href":"https:\/\/ugl-muenchhausen.de\/index.php?rest_route=\/wp\/v2\/pages"}],"about":[{"href":"https:\/\/ugl-muenchhausen.de\/index.php?rest_route=\/wp\/v2\/types\/page"}],"author":[{"embeddable":true,"href":"https:\/\/ugl-muenchhausen.de\/index.php?rest_route=\/wp\/v2\/users\/1"}],"replies":[{"embeddable":true,"href":"https:\/\/ugl-muenchhausen.de\/index.php?rest_route=%2Fwp%2Fv2%2Fcomments&post=1574"}],"version-history":[{"count":8,"href":"https:\/\/ugl-muenchhausen.de\/index.php?rest_route=\/wp\/v2\/pages\/1574\/revisions"}],"predecessor-version":[{"id":1597,"href":"https:\/\/ugl-muenchhausen.de\/index.php?rest_route=\/wp\/v2\/pages\/1574\/revisions\/1597"}],"up":[{"embeddable":true,"href":"https:\/\/ugl-muenchhausen.de\/index.php?rest_route=\/wp\/v2\/pages\/1405"}],"wp:attachment":[{"href":"https:\/\/ugl-muenchhausen.de\/index.php?rest_route=%2Fwp%2Fv2%2Fmedia&parent=1574"}],"wp:term":[{"taxonomy":"category","embeddable":true,"href":"https:\/\/ugl-muenchhausen.de\/index.php?rest_route=%2Fwp%2Fv2%2Fcategories&post=1574"},{"taxonomy":"post_tag","embeddable":true,"href":"https:\/\/ugl-muenchhausen.de\/index.php?rest_route=%2Fwp%2Fv2%2Ftags&post=1574"}],"curies":[{"name":"wp","href":"https:\/\/api.w.org\/{rel}","templated":true}]}}