{"id":1580,"date":"2026-02-20T02:17:17","date_gmt":"2026-02-20T01:17:17","guid":{"rendered":"https:\/\/ugl-muenchhausen.de\/?page_id=1580"},"modified":"2026-02-20T03:33:17","modified_gmt":"2026-02-20T02:33:17","slug":"weiterer-ausbau-der-infrastruktur-fuer-elektromobilitaet-in-allen-ortsteilen","status":"publish","type":"page","link":"https:\/\/ugl-muenchhausen.de\/?page_id=1580","title":{"rendered":"Weiterer Ausbau der Infrastruktur f\u00fcr Elektromobilit\u00e4t in allen Ortsteilen"},"content":{"rendered":"\n<p>Bisher gibt es nur drei \u00f6ffentliche Ladestationen der Stadtwerke Marburg in M\u00fcnchhausen: M\u00fcnchhausen Rathaus, M\u00fcnchhausen Bahnhof, Simtshausen Dorfgemeinschaftshaus. Die letzten beiden \u201eneuen\u201c bieten je zwei Ladepunkte mit 22kW Leistung. Wir setzen uns f\u00fcr den Ausbau in den anderen Ortsteilen ein. Auch im Gewerbegebiet sollten Schnelllades\u00e4ulen installiert werden, die auch vom Durchgangs- und Lieferverkehr genutzt werden k\u00f6nnen.<\/p>\n\n\n\n<button style=\"color: #CC9900; font-weight: bold;\" onclick=\"history.back()\">\u25c4 Zur\u00fcck<\/button>\n","protected":false},"excerpt":{"rendered":"<p>Bisher gibt es nur drei \u00f6ffentliche Ladestationen der Stadtwerke Marburg in M\u00fcnchhausen: M\u00fcnchhausen Rathaus, M\u00fcnchhausen Bahnhof, Simtshausen Dorfgemeinschaftshaus. Die letzten beiden \u201eneuen\u201c bieten je zwei Ladepunkte mit 22kW Leistung. Wir setzen uns f\u00fcr den Ausbau in den anderen Ortsteilen ein. Auch im Gewerbegebiet sollten Schnelllades\u00e4ulen installiert werden, die auch vom Durchgangs- und Lieferverkehr genutzt werden [&hellip;]<\/p>\n","protected":false},"author":1,"featured_media":0,"parent":1405,"menu_order":0,"comment_status":"closed","ping_status":"closed","template":"","meta":{"footnotes":""},"categories":[7],"tags":[],"class_list":["post-1580","page","type-page","status-publish","hentry","category-2026-wahl"],"_links":{"self":[{"href":"https:\/\/ugl-muenchhausen.de\/index.php?rest_route=\/wp\/v2\/pages\/1580","targetHints":{"allow":["GET"]}}],"collection":[{"href":"https:\/\/ugl-muenchhausen.de\/index.php?rest_route=\/wp\/v2\/pages"}],"about":[{"href":"https:\/\/ugl-muenchhausen.de\/index.php?rest_route=\/wp\/v2\/types\/page"}],"author":[{"embeddable":true,"href":"https:\/\/ugl-muenchhausen.de\/index.php?rest_route=\/wp\/v2\/users\/1"}],"replies":[{"embeddable":true,"href":"https:\/\/ugl-muenchhausen.de\/index.php?rest_route=%2Fwp%2Fv2%2Fcomments&post=1580"}],"version-history":[{"count":2,"href":"https:\/\/ugl-muenchhausen.de\/index.php?rest_route=\/wp\/v2\/pages\/1580\/revisions"}],"predecessor-version":[{"id":1613,"href":"https:\/\/ugl-muenchhausen.de\/index.php?rest_route=\/wp\/v2\/pages\/1580\/revisions\/1613"}],"up":[{"embeddable":true,"href":"https:\/\/ugl-muenchhausen.de\/index.php?rest_route=\/wp\/v2\/pages\/1405"}],"wp:attachment":[{"href":"https:\/\/ugl-muenchhausen.de\/index.php?rest_route=%2Fwp%2Fv2%2Fmedia&parent=1580"}],"wp:term":[{"taxonomy":"category","embeddable":true,"href":"https:\/\/ugl-muenchhausen.de\/index.php?rest_route=%2Fwp%2Fv2%2Fcategories&post=1580"},{"taxonomy":"post_tag","embeddable":true,"href":"https:\/\/ugl-muenchhausen.de\/index.php?rest_route=%2Fwp%2Fv2%2Ftags&post=1580"}],"curies":[{"name":"wp","href":"https:\/\/api.w.org\/{rel}","templated":true}]}}