{"id":1611,"date":"2026-02-20T03:30:28","date_gmt":"2026-02-20T02:30:28","guid":{"rendered":"https:\/\/ugl-muenchhausen.de\/?page_id=1611"},"modified":"2026-02-20T03:30:28","modified_gmt":"2026-02-20T02:30:28","slug":"nachhaltig-produzierte-heizenergie-foerdern-2","status":"publish","type":"page","link":"https:\/\/ugl-muenchhausen.de\/?page_id=1611","title":{"rendered":"Nachhaltig produzierte Heizenergie f\u00f6rdern"},"content":{"rendered":"\n<p>Die Gemeinde kann mit Blick auf die W\u00e4rmewende an die Aktivit\u00e4ten der Klimakommission ankn\u00fcpfen und die B\u00fcrgerinnen und B\u00fcrger weiterhin im Rahmen von Veranstaltungen informieren und beraten.<\/p>\n\n\n\n<p>Wir wollen auch zuk\u00fcnftig Informations- und F\u00f6rderangebote nutzen, um die W\u00e4rmewende voranzutreiben. Gleichzeitig soll Heizen f\u00fcr die B\u00fcrgerinnen und B\u00fcrger finanzierbar bleiben. Aufgrund der teils weitl\u00e4ufigen Ortslagen ist eine Nahw\u00e4rmeversorgung voraussichtlich nicht wirtschaftlich umsetzbar. Wir wollen im Rahmen der Klimakommission und innerhalb der Gemeindevertretung weiterhin alternative L\u00f6sungen f\u00fcr die W\u00e4rmewende suchen und z.B. F\u00f6rderm\u00f6glichkeiten f\u00fcr Insell\u00f6sungen (gemeinsame W\u00e4rmeerzeugung mehrerer beieinander liegender H\u00e4user, z.B. durch Geothermie) ausloten.<\/p>\n\n\n\n<button style=\"color: #CC9900; font-weight: bold;\" onclick=\"history.back()\">\u25c4 Zur\u00fcck<\/button>\n\n\n\n<p><\/p>\n","protected":false},"excerpt":{"rendered":"<p>Die Gemeinde kann mit Blick auf die W\u00e4rmewende an die Aktivit\u00e4ten der Klimakommission ankn\u00fcpfen und die B\u00fcrgerinnen und B\u00fcrger weiterhin im Rahmen von Veranstaltungen informieren und beraten. Wir wollen auch zuk\u00fcnftig Informations- und F\u00f6rderangebote nutzen, um die W\u00e4rmewende voranzutreiben. Gleichzeitig soll Heizen f\u00fcr die B\u00fcrgerinnen und B\u00fcrger finanzierbar bleiben. Aufgrund der teils weitl\u00e4ufigen Ortslagen ist [&hellip;]<\/p>\n","protected":false},"author":1,"featured_media":0,"parent":1405,"menu_order":0,"comment_status":"closed","ping_status":"closed","template":"","meta":{"footnotes":""},"categories":[7],"tags":[],"class_list":["post-1611","page","type-page","status-publish","hentry","category-2026-wahl"],"_links":{"self":[{"href":"https:\/\/ugl-muenchhausen.de\/index.php?rest_route=\/wp\/v2\/pages\/1611","targetHints":{"allow":["GET"]}}],"collection":[{"href":"https:\/\/ugl-muenchhausen.de\/index.php?rest_route=\/wp\/v2\/pages"}],"about":[{"href":"https:\/\/ugl-muenchhausen.de\/index.php?rest_route=\/wp\/v2\/types\/page"}],"author":[{"embeddable":true,"href":"https:\/\/ugl-muenchhausen.de\/index.php?rest_route=\/wp\/v2\/users\/1"}],"replies":[{"embeddable":true,"href":"https:\/\/ugl-muenchhausen.de\/index.php?rest_route=%2Fwp%2Fv2%2Fcomments&post=1611"}],"version-history":[{"count":1,"href":"https:\/\/ugl-muenchhausen.de\/index.php?rest_route=\/wp\/v2\/pages\/1611\/revisions"}],"predecessor-version":[{"id":1612,"href":"https:\/\/ugl-muenchhausen.de\/index.php?rest_route=\/wp\/v2\/pages\/1611\/revisions\/1612"}],"up":[{"embeddable":true,"href":"https:\/\/ugl-muenchhausen.de\/index.php?rest_route=\/wp\/v2\/pages\/1405"}],"wp:attachment":[{"href":"https:\/\/ugl-muenchhausen.de\/index.php?rest_route=%2Fwp%2Fv2%2Fmedia&parent=1611"}],"wp:term":[{"taxonomy":"category","embeddable":true,"href":"https:\/\/ugl-muenchhausen.de\/index.php?rest_route=%2Fwp%2Fv2%2Fcategories&post=1611"},{"taxonomy":"post_tag","embeddable":true,"href":"https:\/\/ugl-muenchhausen.de\/index.php?rest_route=%2Fwp%2Fv2%2Ftags&post=1611"}],"curies":[{"name":"wp","href":"https:\/\/api.w.org\/{rel}","templated":true}]}}