{"id":1620,"date":"2026-02-20T04:19:13","date_gmt":"2026-02-20T03:19:13","guid":{"rendered":"https:\/\/ugl-muenchhausen.de\/?page_id=1620"},"modified":"2026-02-20T04:19:13","modified_gmt":"2026-02-20T03:19:13","slug":"koordination-der-kita-traeger-staerken","status":"publish","type":"page","link":"https:\/\/ugl-muenchhausen.de\/?page_id=1620","title":{"rendered":"Koordination der KiTa-Tr\u00e4ger st\u00e4rken"},"content":{"rendered":"\n<p>M\u00fcnchhausen ist mit drei Kindertagesst\u00e4tten mit aktuell einer Krippengruppe und sechs Kindergartengruppen derzeit gut versorgt. Die Koordination mit drei verschiedenen Tr\u00e4gern war in der Vergangenheit teilweise herausfordernd.<\/p>\n\n\n\n<p>Die auf Antrag der UGL eingef\u00fchrte Bedarfsplanung sowie das KiTa-Konzept haben dazu beigetragen, eine zuverl\u00e4ssige Betreuungssituation sicherzustellen und die Kommunikation zwischen den Tr\u00e4gern und der Gemeinde zu verbessern. Wir wollen die aktuell gute Kooperation weiter unterst\u00fctzen.<\/p>\n\n\n\n<button style=\"color: #CC9900; font-weight: bold;\" onclick=\"history.back()\">\u25c4 Zur\u00fcck<\/button>\n\n\n\n<p><\/p>\n","protected":false},"excerpt":{"rendered":"<p>M\u00fcnchhausen ist mit drei Kindertagesst\u00e4tten mit aktuell einer Krippengruppe und sechs Kindergartengruppen derzeit gut versorgt. Die Koordination mit drei verschiedenen Tr\u00e4gern war in der Vergangenheit teilweise herausfordernd. Die auf Antrag der UGL eingef\u00fchrte Bedarfsplanung sowie das KiTa-Konzept haben dazu beigetragen, eine zuverl\u00e4ssige Betreuungssituation sicherzustellen und die Kommunikation zwischen den Tr\u00e4gern und der Gemeinde zu verbessern. [&hellip;]<\/p>\n","protected":false},"author":1,"featured_media":0,"parent":1405,"menu_order":0,"comment_status":"closed","ping_status":"closed","template":"","meta":{"footnotes":""},"categories":[7],"tags":[],"class_list":["post-1620","page","type-page","status-publish","hentry","category-2026-wahl"],"_links":{"self":[{"href":"https:\/\/ugl-muenchhausen.de\/index.php?rest_route=\/wp\/v2\/pages\/1620","targetHints":{"allow":["GET"]}}],"collection":[{"href":"https:\/\/ugl-muenchhausen.de\/index.php?rest_route=\/wp\/v2\/pages"}],"about":[{"href":"https:\/\/ugl-muenchhausen.de\/index.php?rest_route=\/wp\/v2\/types\/page"}],"author":[{"embeddable":true,"href":"https:\/\/ugl-muenchhausen.de\/index.php?rest_route=\/wp\/v2\/users\/1"}],"replies":[{"embeddable":true,"href":"https:\/\/ugl-muenchhausen.de\/index.php?rest_route=%2Fwp%2Fv2%2Fcomments&post=1620"}],"version-history":[{"count":2,"href":"https:\/\/ugl-muenchhausen.de\/index.php?rest_route=\/wp\/v2\/pages\/1620\/revisions"}],"predecessor-version":[{"id":1628,"href":"https:\/\/ugl-muenchhausen.de\/index.php?rest_route=\/wp\/v2\/pages\/1620\/revisions\/1628"}],"up":[{"embeddable":true,"href":"https:\/\/ugl-muenchhausen.de\/index.php?rest_route=\/wp\/v2\/pages\/1405"}],"wp:attachment":[{"href":"https:\/\/ugl-muenchhausen.de\/index.php?rest_route=%2Fwp%2Fv2%2Fmedia&parent=1620"}],"wp:term":[{"taxonomy":"category","embeddable":true,"href":"https:\/\/ugl-muenchhausen.de\/index.php?rest_route=%2Fwp%2Fv2%2Fcategories&post=1620"},{"taxonomy":"post_tag","embeddable":true,"href":"https:\/\/ugl-muenchhausen.de\/index.php?rest_route=%2Fwp%2Fv2%2Ftags&post=1620"}],"curies":[{"name":"wp","href":"https:\/\/api.w.org\/{rel}","templated":true}]}}