{"id":1624,"date":"2026-02-20T04:16:50","date_gmt":"2026-02-20T03:16:50","guid":{"rendered":"https:\/\/ugl-muenchhausen.de\/?page_id=1624"},"modified":"2026-02-20T04:16:50","modified_gmt":"2026-02-20T03:16:50","slug":"moeglichkeiten-kommunaler-angebote-und-beteiligungsmoeglichkeiten-fuer-kinder-und-jugendliche-pruefen","status":"publish","type":"page","link":"https:\/\/ugl-muenchhausen.de\/?page_id=1624","title":{"rendered":"M\u00f6glichkeiten kommunaler Angebote und Beteiligungsm\u00f6glichkeiten f\u00fcr Kinder und Jugendliche pr\u00fcfen"},"content":{"rendered":"\n<p>Kinder und Jugendliche k\u00f6nnen in M\u00fcnchhausen verschiedene Freizeitangebote von Kirchen, Vereinen, Burschen- und M\u00e4dchenschaften wahrnehmen und organisieren sich teilweise auch selbst. Wir m\u00f6chten, dass die Gemeinde die Vereine und Engagierten dabei (weiter) unterst\u00fctzt. Jedoch werden nicht alle Kinder und Jugendlichen durch diese Angebote angesprochen.<\/p>\n\n\n\n<p>Kommunale Kinder- und Jugendarbeit kann bestehende Angebote sinnvoll erg\u00e4nzen.<\/p>\n\n\n\n<p>Sie ist allerdings haushaltsrechtlich eine freiwillige Leistung \u2013 und die finanziellen Mittel der Gemeinde sind begrenzt. Viele Kommunen im Landkreis bieten eigene Jugendarbeit an oder haben Tr\u00e4ger mit der Arbeit beauftragt.<\/p>\n\n\n\n<p>Hier kann im Rahmen der interkommunalen Zusammenarbeit noch einmal versucht werden, eine L\u00f6sung zu finden und zus\u00e4tzliche Angebote zu schaffen bzw. das bestehende Angebot sinnvoll zu erg\u00e4nzen.<\/p>\n\n\n\n<p>Kommunale Jugendarbeit kann auch das Verst\u00e4ndnis f\u00fcr Demokratie und Gemeinschaft f\u00f6rdern. Nicht zuletzt f\u00fchrt eine solide Kinder- und Jugendarbeit auch dazu, dass daraus ehrenamtliches Engagement entsteht. Auch das geringe Interesse am Kinder- und Jugendbeirat der Gemeinde k\u00f6nnte hierdurch wieder geweckt werden.<\/p>\n\n\n\n<button style=\"color: #CC9900; font-weight: bold;\" onclick=\"history.back()\">\u25c4 Zur\u00fcck<\/button>\n","protected":false},"excerpt":{"rendered":"<p>Kinder und Jugendliche k\u00f6nnen in M\u00fcnchhausen verschiedene Freizeitangebote von Kirchen, Vereinen, Burschen- und M\u00e4dchenschaften wahrnehmen und organisieren sich teilweise auch selbst. Wir m\u00f6chten, dass die Gemeinde die Vereine und Engagierten dabei (weiter) unterst\u00fctzt. Jedoch werden nicht alle Kinder und Jugendlichen durch diese Angebote angesprochen. Kommunale Kinder- und Jugendarbeit kann bestehende Angebote sinnvoll erg\u00e4nzen. Sie ist [&hellip;]<\/p>\n","protected":false},"author":1,"featured_media":0,"parent":1405,"menu_order":0,"comment_status":"closed","ping_status":"closed","template":"","meta":{"footnotes":""},"categories":[7],"tags":[],"class_list":["post-1624","page","type-page","status-publish","hentry","category-2026-wahl"],"_links":{"self":[{"href":"https:\/\/ugl-muenchhausen.de\/index.php?rest_route=\/wp\/v2\/pages\/1624","targetHints":{"allow":["GET"]}}],"collection":[{"href":"https:\/\/ugl-muenchhausen.de\/index.php?rest_route=\/wp\/v2\/pages"}],"about":[{"href":"https:\/\/ugl-muenchhausen.de\/index.php?rest_route=\/wp\/v2\/types\/page"}],"author":[{"embeddable":true,"href":"https:\/\/ugl-muenchhausen.de\/index.php?rest_route=\/wp\/v2\/users\/1"}],"replies":[{"embeddable":true,"href":"https:\/\/ugl-muenchhausen.de\/index.php?rest_route=%2Fwp%2Fv2%2Fcomments&post=1624"}],"version-history":[{"count":2,"href":"https:\/\/ugl-muenchhausen.de\/index.php?rest_route=\/wp\/v2\/pages\/1624\/revisions"}],"predecessor-version":[{"id":1626,"href":"https:\/\/ugl-muenchhausen.de\/index.php?rest_route=\/wp\/v2\/pages\/1624\/revisions\/1626"}],"up":[{"embeddable":true,"href":"https:\/\/ugl-muenchhausen.de\/index.php?rest_route=\/wp\/v2\/pages\/1405"}],"wp:attachment":[{"href":"https:\/\/ugl-muenchhausen.de\/index.php?rest_route=%2Fwp%2Fv2%2Fmedia&parent=1624"}],"wp:term":[{"taxonomy":"category","embeddable":true,"href":"https:\/\/ugl-muenchhausen.de\/index.php?rest_route=%2Fwp%2Fv2%2Fcategories&post=1624"},{"taxonomy":"post_tag","embeddable":true,"href":"https:\/\/ugl-muenchhausen.de\/index.php?rest_route=%2Fwp%2Fv2%2Ftags&post=1624"}],"curies":[{"name":"wp","href":"https:\/\/api.w.org\/{rel}","templated":true}]}}