{"id":1634,"date":"2026-03-04T01:54:33","date_gmt":"2026-03-04T00:54:33","guid":{"rendered":"https:\/\/ugl-muenchhausen.de\/?page_id=1634"},"modified":"2026-03-04T02:06:53","modified_gmt":"2026-03-04T01:06:53","slug":"sichere-fuss-und-schulwege-sowie-oepnv-haltestellen","status":"publish","type":"page","link":"https:\/\/ugl-muenchhausen.de\/?page_id=1634","title":{"rendered":"Sichere Fu\u00df- und Schulwege sowie \u00d6PNV-Haltestellen"},"content":{"rendered":"\n<p>Durch die Umgehungstra\u00dfe B252 neu hat sich die Verkehrssituation in allen Ortsteilen (au\u00dfer Wollmar) deutlich ver\u00e4ndert. Eine endg\u00fcltige Absch\u00e4tzung ist noch nicht m\u00f6glich, da erst nach Fertigstellung der Auf- und Abfahrt vor G\u00f6ttingen beobachtet werden kann, ob der Verkehr auf der alten Strecke wieder zunimmt. Da an der B252 neu keine Parkpl\u00e4tze vorhanden sind, werden Lkw-Fahrer zunehmend wieder die Parkpl\u00e4tze an der alten Strecke aufsuchen und auch einige Pkw-Fahrer werden lieber die gewohnte alte Route fahren \u2013 2 km k\u00fcrzer und ohne Steigungen.<\/p>\n\n\n\n<p>Es ist zu bef\u00fcrchten, dass die gew\u00fcnschte Verkehrsberuhigung gef\u00e4hrdet ist. Die Planung der Ortsdurchfahrten Simtshausen und M\u00fcnchhausen muss dies ber\u00fccksichtigen und Ma\u00dfnahmen zur Verkehrsberuhigung dringend vorsehen. In Niederasphe und Oberasphe muuss \u00fcberpr\u00fcft werden, ob der Verkehr durch die k\u00fcrzere Verbindung zur Auf- und Abfahrt der B252 zur L3090 zugenommen hat.<\/p>\n\n\n\n<p>Fu\u00df- und Schulwege sowie \u00d6PNV-Haltestellen m\u00fcssen aufgrund der neuen Situation in den betroffenen Ortsteilen \u00fcberpr\u00fcft und wo n\u00f6tig angepasst werden. Der Wegfall der Ampel in M\u00fcnchhausen an der Kurve zur Battenberger Stra\u00dfe muss z.B. zu einer Aktualisierung der Schulwegeplanung f\u00fchren. Die Initiative sollte hier von der Gemeinde ausgehen und Schule, Schulbusunternehmen und Polizei einbeziehen.<\/p>\n\n\n\n<button style=\"color: #CC9900; font-weight: bold;\" onclick=\"history.back()\">\u25c4 Zur\u00fcck<\/button>\n","protected":false},"excerpt":{"rendered":"<p>Durch die Umgehungstra\u00dfe B252 neu hat sich die Verkehrssituation in allen Ortsteilen (au\u00dfer Wollmar) deutlich ver\u00e4ndert. Eine endg\u00fcltige Absch\u00e4tzung ist noch nicht m\u00f6glich, da erst nach Fertigstellung der Auf- und Abfahrt vor G\u00f6ttingen beobachtet werden kann, ob der Verkehr auf der alten Strecke wieder zunimmt. Da an der B252 neu keine Parkpl\u00e4tze vorhanden sind, werden [&hellip;]<\/p>\n","protected":false},"author":1,"featured_media":0,"parent":1405,"menu_order":0,"comment_status":"closed","ping_status":"closed","template":"","meta":{"footnotes":""},"categories":[7],"tags":[],"class_list":["post-1634","page","type-page","status-publish","hentry","category-2026-wahl"],"_links":{"self":[{"href":"https:\/\/ugl-muenchhausen.de\/index.php?rest_route=\/wp\/v2\/pages\/1634","targetHints":{"allow":["GET"]}}],"collection":[{"href":"https:\/\/ugl-muenchhausen.de\/index.php?rest_route=\/wp\/v2\/pages"}],"about":[{"href":"https:\/\/ugl-muenchhausen.de\/index.php?rest_route=\/wp\/v2\/types\/page"}],"author":[{"embeddable":true,"href":"https:\/\/ugl-muenchhausen.de\/index.php?rest_route=\/wp\/v2\/users\/1"}],"replies":[{"embeddable":true,"href":"https:\/\/ugl-muenchhausen.de\/index.php?rest_route=%2Fwp%2Fv2%2Fcomments&post=1634"}],"version-history":[{"count":2,"href":"https:\/\/ugl-muenchhausen.de\/index.php?rest_route=\/wp\/v2\/pages\/1634\/revisions"}],"predecessor-version":[{"id":1644,"href":"https:\/\/ugl-muenchhausen.de\/index.php?rest_route=\/wp\/v2\/pages\/1634\/revisions\/1644"}],"up":[{"embeddable":true,"href":"https:\/\/ugl-muenchhausen.de\/index.php?rest_route=\/wp\/v2\/pages\/1405"}],"wp:attachment":[{"href":"https:\/\/ugl-muenchhausen.de\/index.php?rest_route=%2Fwp%2Fv2%2Fmedia&parent=1634"}],"wp:term":[{"taxonomy":"category","embeddable":true,"href":"https:\/\/ugl-muenchhausen.de\/index.php?rest_route=%2Fwp%2Fv2%2Fcategories&post=1634"},{"taxonomy":"post_tag","embeddable":true,"href":"https:\/\/ugl-muenchhausen.de\/index.php?rest_route=%2Fwp%2Fv2%2Ftags&post=1634"}],"curies":[{"name":"wp","href":"https:\/\/api.w.org\/{rel}","templated":true}]}}