{"id":1640,"date":"2026-03-04T02:00:21","date_gmt":"2026-03-04T01:00:21","guid":{"rendered":"https:\/\/ugl-muenchhausen.de\/?page_id=1640"},"modified":"2026-03-04T03:03:34","modified_gmt":"2026-03-04T02:03:34","slug":"geschwindigkeitsbegrenzungen-und-beschilderungen-an-gefahrenstellen-der-b252-neu","status":"publish","type":"page","link":"https:\/\/ugl-muenchhausen.de\/?page_id=1640","title":{"rendered":"Geschwindigkeitsbegrenzungen und Beschilderungen an Gefahrenstellen der B252 neu"},"content":{"rendered":"\n<p>Hier hat die UGL schon im Februar 2024 hingewiesen und das mit ihrem Antrag am 25.03.2025 in der Gemeindevertretung noch einmal bekr\u00e4ftigt, da Hessen Mobil bisher nicht reagiert hat. Die Einm\u00fcndung auf die neue B252 in M\u00fcnchhausen in Richtung Marburg hat keinen Beschleunigungstreifen. Hier hat es schon einmal einen schweren Unfall gegeben. Problematisch sind auch die Abfahrten von der B252, die nur relativ kurze Linksabbiegerspuren haben. Es ist unverst\u00e4ndlich, dass es an den Auf- und Abfahrten keine Geschwindigkeitsbegrenzungen gibt, wie sie auf anderen Bundesstra\u00dfen \u00fcblich sind. Diese Situation wurde im \u00dcbrigen auch von der OP schon einmal in einem ganzseitigen Artikel dargestellt.<\/p>\n\n\n\n<p>Auch die Ortseinfahrt nach Ernsthausen ist kritisch, da dort direkt am Ortsschild der \u00dcberweg f\u00fcr den Fu\u00df- und Radweg aus M\u00fcnchhausen liegt \u2013 siehe den Artikel in der <a href=\"https:\/\/ugl-muenchhausen.de\/wp-content\/uploads\/2026\/03\/20231123-OP-Marburg.pdf\" target=\"_blank\" rel=\"noreferrer noopener\">Oberhessischen Presse vom 23.11.2023<\/a>.<\/p>\n\n\n\n<p>Hier ist generell auf der gesamten Strecke B252 neu dringender Handlungsbedarf!<\/p>\n\n\n\n<button style=\"color: #CC9900; font-weight: bold;\" onclick=\"history.back()\">\u25c4 Zur\u00fcck<\/button>\n","protected":false},"excerpt":{"rendered":"<p>Hier hat die UGL schon im Februar 2024 hingewiesen und das mit ihrem Antrag am 25.03.2025 in der Gemeindevertretung noch einmal bekr\u00e4ftigt, da Hessen Mobil bisher nicht reagiert hat. Die Einm\u00fcndung auf die neue B252 in M\u00fcnchhausen in Richtung Marburg hat keinen Beschleunigungstreifen. Hier hat es schon einmal einen schweren Unfall gegeben. Problematisch sind auch [&hellip;]<\/p>\n","protected":false},"author":1,"featured_media":0,"parent":1405,"menu_order":0,"comment_status":"closed","ping_status":"closed","template":"","meta":{"footnotes":""},"categories":[7],"tags":[],"class_list":["post-1640","page","type-page","status-publish","hentry","category-2026-wahl"],"_links":{"self":[{"href":"https:\/\/ugl-muenchhausen.de\/index.php?rest_route=\/wp\/v2\/pages\/1640","targetHints":{"allow":["GET"]}}],"collection":[{"href":"https:\/\/ugl-muenchhausen.de\/index.php?rest_route=\/wp\/v2\/pages"}],"about":[{"href":"https:\/\/ugl-muenchhausen.de\/index.php?rest_route=\/wp\/v2\/types\/page"}],"author":[{"embeddable":true,"href":"https:\/\/ugl-muenchhausen.de\/index.php?rest_route=\/wp\/v2\/users\/1"}],"replies":[{"embeddable":true,"href":"https:\/\/ugl-muenchhausen.de\/index.php?rest_route=%2Fwp%2Fv2%2Fcomments&post=1640"}],"version-history":[{"count":3,"href":"https:\/\/ugl-muenchhausen.de\/index.php?rest_route=\/wp\/v2\/pages\/1640\/revisions"}],"predecessor-version":[{"id":1652,"href":"https:\/\/ugl-muenchhausen.de\/index.php?rest_route=\/wp\/v2\/pages\/1640\/revisions\/1652"}],"up":[{"embeddable":true,"href":"https:\/\/ugl-muenchhausen.de\/index.php?rest_route=\/wp\/v2\/pages\/1405"}],"wp:attachment":[{"href":"https:\/\/ugl-muenchhausen.de\/index.php?rest_route=%2Fwp%2Fv2%2Fmedia&parent=1640"}],"wp:term":[{"taxonomy":"category","embeddable":true,"href":"https:\/\/ugl-muenchhausen.de\/index.php?rest_route=%2Fwp%2Fv2%2Fcategories&post=1640"},{"taxonomy":"post_tag","embeddable":true,"href":"https:\/\/ugl-muenchhausen.de\/index.php?rest_route=%2Fwp%2Fv2%2Ftags&post=1640"}],"curies":[{"name":"wp","href":"https:\/\/api.w.org\/{rel}","templated":true}]}}