{"id":530,"date":"2021-02-15T01:31:36","date_gmt":"2021-02-15T00:31:36","guid":{"rendered":"http:\/\/ugl-muenchhausen.de\/?page_id=530"},"modified":"2021-02-24T01:39:02","modified_gmt":"2021-02-24T00:39:02","slug":"fuer-die-energiewende","status":"publish","type":"page","link":"https:\/\/ugl-muenchhausen.de\/?page_id=530","title":{"rendered":"F\u00fcr die Energiewende"},"content":{"rendered":"\n<p>Die vorhandenen Photovoltaikanlagen und die genehmigten Windkraftanlagen sind ein erster wichtiger Schritt in Richtung gr\u00fcner Energiewende. Allerdings ist uns auch hierbei eine verantwortungsvolle Fl\u00e4chennutzung wichtig. Weitere Informationen gibt es unter <a href=\"https:\/\/ugl-muenchhausen.de\/?p=382\">https:\/\/ugl-muenchhausen.de\/?p=382<\/a><\/p>\n\n\n\n<p>Lokal erzeugter \u00d6kostrom sollte m\u00f6glichst lokal auch verbraucht werden. Dies k\u00f6nnte durch die Schaffung einer Infrastruktur f\u00fcr Elektromobilit\u00e4t in Form von Ladestationen an zentralen Orten in allen Ortsteilen geschehen, z.B. an den DGHs wie aktuell am Rathaus in M\u00fcnchhausen. Auch kann man sich eine Wasserstofftankstelle im zuk\u00fcnftigen Gewerbegebiet vorstellen, die letztlich auch aus heimischem \u00d6kostrom versorgt wird. <\/p>\n\n\n\n<p><\/p>\n","protected":false},"excerpt":{"rendered":"<p>Die vorhandenen Photovoltaikanlagen und die genehmigten Windkraftanlagen sind ein erster wichtiger Schritt in Richtung gr\u00fcner Energiewende. Allerdings ist uns auch hierbei eine verantwortungsvolle Fl\u00e4chennutzung wichtig. Weitere Informationen gibt es unter https:\/\/ugl-muenchhausen.de\/?p=382 Lokal erzeugter \u00d6kostrom sollte m\u00f6glichst lokal auch verbraucht werden. Dies k\u00f6nnte durch die Schaffung einer Infrastruktur f\u00fcr Elektromobilit\u00e4t in Form von Ladestationen an zentralen [&hellip;]<\/p>\n","protected":false},"author":1,"featured_media":0,"parent":526,"menu_order":0,"comment_status":"closed","ping_status":"closed","template":"","meta":{"footnotes":""},"categories":[],"tags":[],"class_list":["post-530","page","type-page","status-publish","hentry"],"_links":{"self":[{"href":"https:\/\/ugl-muenchhausen.de\/index.php?rest_route=\/wp\/v2\/pages\/530","targetHints":{"allow":["GET"]}}],"collection":[{"href":"https:\/\/ugl-muenchhausen.de\/index.php?rest_route=\/wp\/v2\/pages"}],"about":[{"href":"https:\/\/ugl-muenchhausen.de\/index.php?rest_route=\/wp\/v2\/types\/page"}],"author":[{"embeddable":true,"href":"https:\/\/ugl-muenchhausen.de\/index.php?rest_route=\/wp\/v2\/users\/1"}],"replies":[{"embeddable":true,"href":"https:\/\/ugl-muenchhausen.de\/index.php?rest_route=%2Fwp%2Fv2%2Fcomments&post=530"}],"version-history":[{"count":5,"href":"https:\/\/ugl-muenchhausen.de\/index.php?rest_route=\/wp\/v2\/pages\/530\/revisions"}],"predecessor-version":[{"id":612,"href":"https:\/\/ugl-muenchhausen.de\/index.php?rest_route=\/wp\/v2\/pages\/530\/revisions\/612"}],"up":[{"embeddable":true,"href":"https:\/\/ugl-muenchhausen.de\/index.php?rest_route=\/wp\/v2\/pages\/526"}],"wp:attachment":[{"href":"https:\/\/ugl-muenchhausen.de\/index.php?rest_route=%2Fwp%2Fv2%2Fmedia&parent=530"}],"wp:term":[{"taxonomy":"category","embeddable":true,"href":"https:\/\/ugl-muenchhausen.de\/index.php?rest_route=%2Fwp%2Fv2%2Fcategories&post=530"},{"taxonomy":"post_tag","embeddable":true,"href":"https:\/\/ugl-muenchhausen.de\/index.php?rest_route=%2Fwp%2Fv2%2Ftags&post=530"}],"curies":[{"name":"wp","href":"https:\/\/api.w.org\/{rel}","templated":true}]}}