{"id":538,"date":"2021-02-15T01:31:13","date_gmt":"2021-02-15T00:31:13","guid":{"rendered":"http:\/\/ugl-muenchhausen.de\/?page_id=538"},"modified":"2021-02-21T05:43:02","modified_gmt":"2021-02-21T04:43:02","slug":"fuer-das-dorfentwicklungsprogramm-ikek","status":"publish","type":"page","link":"https:\/\/ugl-muenchhausen.de\/?page_id=538","title":{"rendered":"F\u00fcr das Dorfentwicklungsprogramm IKEK"},"content":{"rendered":"\n<p>IKEK = Integriertes Kommunales Entwicklungskonzept<\/p>\n\n\n\n<p>Die UGL freut sich, dass die Gemeinde M\u00fcnchhausen als einzige Kommune im Landkreis f\u00fcr das Dorfentwicklungsprogramm ausgew\u00e4hlt wurde. Dies erm\u00f6glicht Investitionen in zukunftsf\u00e4hige Infrastruktur und soziale Projekte in Zeiten begrenzter finanzieller Spielr\u00e4ume f\u00fcr die Kommune.<\/p>\n\n\n\n<p>Die UGL begr\u00fc\u00dft die geplante Einbeziehung der B\u00fcrger*innen und beabsichtigt, sich auch selbst aktiv an der weiteren Planung und Umsetzung des Programms zu beteiligen. Die Einbeziehung der B\u00fcrger*innen mittels einer Online-Umfrage ist in Zeiten von Corona ein guter erster Schritt. Weitere innovative Beteiligungsans\u00e4tze &#8211; bspw. Ortsbegehungen mit interessierten B\u00fcrger*innen (ggf. auch mit Fahrr\u00e4dern oder Kinderwagen \/ Rollstuhl zum Testen der Barrierefreiheit) w\u00fcrden wir uns w\u00fcnschen.<\/p>\n\n\n\n<p>Wir unterst\u00fctzen innovative Ideen, um die Ortsteile weiterzuentwickeln und die jeweiligen Ortskerne attraktiver zu gestalten. Dabei ist der UGL die \u00f6kologische, wirtschaftliche und soziale Nachhaltigkeit besonders wichtig:<\/p>\n\n\n\n<ul class=\"wp-block-list\"><li>Bei den Projekten sollte sichergestellt sein, dass sie zum Umweltschutz beitragen oder sich zumindest nicht negativ auf die Umwelt auswirken. Bei Bauprojekten sollten M\u00f6glichkeiten zur Fl\u00e4chenentsiegelung oder Dachbegr\u00fcnung mitbedacht werden.<\/li><li>Die nachhaltige Finanzierung und Ergebnissicherung der gef\u00f6rderten Ma\u00dfnahmen sollte von Vornherein bei der Projektauswahl ber\u00fccksichtigt werden, so dass diese nicht nach kurzfristigen Effekten \u201everpuffen\u201c.<\/li><li>Der Auswahlprozess sollte transparent erfolgen und alle Ortsteile sollten profitieren. Ortsteil\u00fcbergreifende Projekte k\u00f6nnten besonders ber\u00fccksichtigt werden.<\/li><\/ul>\n","protected":false},"excerpt":{"rendered":"<p>IKEK = Integriertes Kommunales Entwicklungskonzept Die UGL freut sich, dass die Gemeinde M\u00fcnchhausen als einzige Kommune im Landkreis f\u00fcr das Dorfentwicklungsprogramm ausgew\u00e4hlt wurde. Dies erm\u00f6glicht Investitionen in zukunftsf\u00e4hige Infrastruktur und soziale Projekte in Zeiten begrenzter finanzieller Spielr\u00e4ume f\u00fcr die Kommune. Die UGL begr\u00fc\u00dft die geplante Einbeziehung der B\u00fcrger*innen und beabsichtigt, sich auch selbst aktiv an [&hellip;]<\/p>\n","protected":false},"author":1,"featured_media":0,"parent":526,"menu_order":0,"comment_status":"closed","ping_status":"closed","template":"","meta":{"footnotes":""},"categories":[],"tags":[],"class_list":["post-538","page","type-page","status-publish","hentry"],"_links":{"self":[{"href":"https:\/\/ugl-muenchhausen.de\/index.php?rest_route=\/wp\/v2\/pages\/538","targetHints":{"allow":["GET"]}}],"collection":[{"href":"https:\/\/ugl-muenchhausen.de\/index.php?rest_route=\/wp\/v2\/pages"}],"about":[{"href":"https:\/\/ugl-muenchhausen.de\/index.php?rest_route=\/wp\/v2\/types\/page"}],"author":[{"embeddable":true,"href":"https:\/\/ugl-muenchhausen.de\/index.php?rest_route=\/wp\/v2\/users\/1"}],"replies":[{"embeddable":true,"href":"https:\/\/ugl-muenchhausen.de\/index.php?rest_route=%2Fwp%2Fv2%2Fcomments&post=538"}],"version-history":[{"count":2,"href":"https:\/\/ugl-muenchhausen.de\/index.php?rest_route=\/wp\/v2\/pages\/538\/revisions"}],"predecessor-version":[{"id":546,"href":"https:\/\/ugl-muenchhausen.de\/index.php?rest_route=\/wp\/v2\/pages\/538\/revisions\/546"}],"up":[{"embeddable":true,"href":"https:\/\/ugl-muenchhausen.de\/index.php?rest_route=\/wp\/v2\/pages\/526"}],"wp:attachment":[{"href":"https:\/\/ugl-muenchhausen.de\/index.php?rest_route=%2Fwp%2Fv2%2Fmedia&parent=538"}],"wp:term":[{"taxonomy":"category","embeddable":true,"href":"https:\/\/ugl-muenchhausen.de\/index.php?rest_route=%2Fwp%2Fv2%2Fcategories&post=538"},{"taxonomy":"post_tag","embeddable":true,"href":"https:\/\/ugl-muenchhausen.de\/index.php?rest_route=%2Fwp%2Fv2%2Ftags&post=538"}],"curies":[{"name":"wp","href":"https:\/\/api.w.org\/{rel}","templated":true}]}}