{"id":542,"date":"2021-02-15T01:32:49","date_gmt":"2021-02-15T00:32:49","guid":{"rendered":"http:\/\/ugl-muenchhausen.de\/?page_id=542"},"modified":"2021-02-25T01:40:40","modified_gmt":"2021-02-25T00:40:40","slug":"fuer-solide-gemeindefinanzen","status":"publish","type":"page","link":"https:\/\/ugl-muenchhausen.de\/?page_id=542","title":{"rendered":"F\u00fcr solide Gemeindefinanzen"},"content":{"rendered":"\n<p><strong>Wir wollen uns auch zuk\u00fcnftig f\u00fcr eine gerechtere Finanzierung des Gemeindehaushalts einsetzen.<\/strong><\/p>\n\n\n\n<p>Seit dem Jahr 2019 hat die Gemeinde M\u00fcnchhausen mit 630 % des Messbetrags den h\u00f6chsten Grundsteuerhebesatz im Landkreis Marburg-Biedenkopf. Gegen die Stimmen der UGL hat damit eine Mehrheit von SPD und CDU in der Gemeindevertretung die Finanzierung des Gemeindehaushalts auf eine Art und Weise sichergestellt, die den einzelnen B\u00fcrgerinnen und B\u00fcrgern nicht gerecht wird und mit den entsprechenden Vorgaben der Hessischen Gemeindeordnung nur schwer in Einklang zu bringen ist. Dort hei\u00dft es n\u00e4mlich im \u00a7 93 (2), dass sich die Gemeinden die zur Erf\u00fcllung ihrer Aufgaben erforderlichen Mittel zun\u00e4chst soweit vertretbar und geboten aus Entgelten f\u00fcr ihre Leistungen (Geb\u00fchren) und erst dann aus Steuern zu beschaffen haben, soweit die sonstigen Ertr\u00e4ge und Einzahlungen der Gemeinde, also etwa Schl\u00fcsselzuweisungen und Einkommensteueranteile, hierzu nicht ausreichen.<\/p>\n\n\n\n<p>Anstelle der von uns vorgeschlagenen ma\u00dfvollen Erh\u00f6hung von Geb\u00fchren <strong>und<\/strong> Steuern wurden durch die beschlossene Regelung insbesondere Grundst\u00fcckseigent\u00fcmer*innen einseitig st\u00e4rker belastet, w\u00e4hrend bei weiterhin negativen Geb\u00fchrenhaushalten keine Verbesserung der Deckungsgrade versucht wurde \u2013 was dem Verursacherprinzip entsprochen h\u00e4tte &#8211; und auch die Gewerbesteuerhebes\u00e4tze unangetastet geblieben sind.<\/p>\n\n\n\n<p>Die von der Gemeindeordnung vorgesehene Finanzierungsreihenfolge wurde also genau umgedreht. Und das angesichts der Tatsache, dass beispielsweise im Bereich der Kindergartengeb\u00fchren und der Friedhofsgeb\u00fchren M\u00fcnchhausen jeweils den mit Abstand niedrigsten Kostendeckungsgrad aller Nordkreiskommunen aufweist.<\/p>\n\n\n\n<p>Diese Schieflage der Gemeindefinanzierung m\u00f6chten wir korrigieren.<\/p>\n\n\n\n<p>Wenn der Haushalt der Gemeinde M\u00fcnchhausen weiterhin \u00dcbersch\u00fcsse ausweist, werden wir uns auch daf\u00fcr einsetzen, dass die w\u00e4hrend der Konsolidierung gestrichenen oder reduzierten freiwilligen Ausgaben \u2013 wie z. B. Zusch\u00fcsse zur Jugend- und Vereinsarbeit \u2013 wieder in den Etat aufgenommen werden.<\/p>\n","protected":false},"excerpt":{"rendered":"<p>Wir wollen uns auch zuk\u00fcnftig f\u00fcr eine gerechtere Finanzierung des Gemeindehaushalts einsetzen. Seit dem Jahr 2019 hat die Gemeinde M\u00fcnchhausen mit 630 % des Messbetrags den h\u00f6chsten Grundsteuerhebesatz im Landkreis Marburg-Biedenkopf. Gegen die Stimmen der UGL hat damit eine Mehrheit von SPD und CDU in der Gemeindevertretung die Finanzierung des Gemeindehaushalts auf eine Art und [&hellip;]<\/p>\n","protected":false},"author":1,"featured_media":0,"parent":526,"menu_order":0,"comment_status":"closed","ping_status":"closed","template":"","meta":{"footnotes":""},"categories":[],"tags":[],"class_list":["post-542","page","type-page","status-publish","hentry"],"_links":{"self":[{"href":"https:\/\/ugl-muenchhausen.de\/index.php?rest_route=\/wp\/v2\/pages\/542","targetHints":{"allow":["GET"]}}],"collection":[{"href":"https:\/\/ugl-muenchhausen.de\/index.php?rest_route=\/wp\/v2\/pages"}],"about":[{"href":"https:\/\/ugl-muenchhausen.de\/index.php?rest_route=\/wp\/v2\/types\/page"}],"author":[{"embeddable":true,"href":"https:\/\/ugl-muenchhausen.de\/index.php?rest_route=\/wp\/v2\/users\/1"}],"replies":[{"embeddable":true,"href":"https:\/\/ugl-muenchhausen.de\/index.php?rest_route=%2Fwp%2Fv2%2Fcomments&post=542"}],"version-history":[{"count":2,"href":"https:\/\/ugl-muenchhausen.de\/index.php?rest_route=\/wp\/v2\/pages\/542\/revisions"}],"predecessor-version":[{"id":544,"href":"https:\/\/ugl-muenchhausen.de\/index.php?rest_route=\/wp\/v2\/pages\/542\/revisions\/544"}],"up":[{"embeddable":true,"href":"https:\/\/ugl-muenchhausen.de\/index.php?rest_route=\/wp\/v2\/pages\/526"}],"wp:attachment":[{"href":"https:\/\/ugl-muenchhausen.de\/index.php?rest_route=%2Fwp%2Fv2%2Fmedia&parent=542"}],"wp:term":[{"taxonomy":"category","embeddable":true,"href":"https:\/\/ugl-muenchhausen.de\/index.php?rest_route=%2Fwp%2Fv2%2Fcategories&post=542"},{"taxonomy":"post_tag","embeddable":true,"href":"https:\/\/ugl-muenchhausen.de\/index.php?rest_route=%2Fwp%2Fv2%2Ftags&post=542"}],"curies":[{"name":"wp","href":"https:\/\/api.w.org\/{rel}","templated":true}]}}