{"id":623,"date":"2021-02-26T03:58:55","date_gmt":"2021-02-26T02:58:55","guid":{"rendered":"http:\/\/ugl-muenchhausen.de\/?page_id=623"},"modified":"2021-02-26T04:20:57","modified_gmt":"2021-02-26T03:20:57","slug":"nicht-mehr-dabei","status":"publish","type":"page","link":"https:\/\/ugl-muenchhausen.de\/?page_id=623","title":{"rendered":"Nicht mehr dabei &#8230;"},"content":{"rendered":"\n<p>sind Michael Haubrok-Ter\u00f6rde und Rainer Ulbrich. Beide treten aus unterschiedlichen Motiven nicht mehr als Kandidaten f\u00fcr die Gemeindevertretung an.<\/p>\n\n\n\n<p><em>Michael Haubrok-Ter\u00f6rde: <\/em>\u201eNach der Aufnahme von M\u00fcnchhausen in das neue Dorfentwicklungsprogramm m\u00f6chte ich meine Kraft st\u00e4rker auf den Ortsteil Simtshausen konzentrieren. Unser f\u00fcr die Kommunalwahl neu aufgestelltes Team bringt gute Voraussetzungen mit, um in der Gemeindevertretung f\u00fcr eine Umsetzung dieses&nbsp; Programms zum Nutzen aller Ortsteile erfolgreich zu arbeiten und hat dabei meine volle Unterst\u00fctzung.\u201c<\/p>\n\n\n\n<p><em>Rainer Ulbrich: <\/em>\u201eNach 28 Jahren und 6 Legislaturperioden, in denen ich f\u00fcr die UGL in die Gemeindevertretung gew\u00e4hlt wurde, ist es Zeit, an J\u00fcngere zu \u00fcbergeben. Als \u00bbSenior\u00ab in der UGL werde ich weiterhin mit meinen kommunalpolitischen Erfahrungen und Kenntnissen den \u00bbNeuen\u00ab beratend zur Seite stehen. Ich bin \u00fcberzeugt, dass die Kandidat*innen der UGL frischen Wind in die Gemeindevertretung bringen werden. Schenken Sie ihnen Ihr Vertrauen.\u201c<\/p>\n","protected":false},"excerpt":{"rendered":"<p>sind Michael Haubrok-Ter\u00f6rde und Rainer Ulbrich. Beide treten aus unterschiedlichen Motiven nicht mehr als Kandidaten f\u00fcr die Gemeindevertretung an. Michael Haubrok-Ter\u00f6rde: \u201eNach der Aufnahme von M\u00fcnchhausen in das neue Dorfentwicklungsprogramm m\u00f6chte ich meine Kraft st\u00e4rker auf den Ortsteil Simtshausen konzentrieren. Unser f\u00fcr die Kommunalwahl neu aufgestelltes Team bringt gute Voraussetzungen mit, um in der Gemeindevertretung [&hellip;]<\/p>\n","protected":false},"author":1,"featured_media":0,"parent":526,"menu_order":0,"comment_status":"closed","ping_status":"closed","template":"","meta":{"footnotes":""},"categories":[],"tags":[],"class_list":["post-623","page","type-page","status-publish","hentry"],"_links":{"self":[{"href":"https:\/\/ugl-muenchhausen.de\/index.php?rest_route=\/wp\/v2\/pages\/623","targetHints":{"allow":["GET"]}}],"collection":[{"href":"https:\/\/ugl-muenchhausen.de\/index.php?rest_route=\/wp\/v2\/pages"}],"about":[{"href":"https:\/\/ugl-muenchhausen.de\/index.php?rest_route=\/wp\/v2\/types\/page"}],"author":[{"embeddable":true,"href":"https:\/\/ugl-muenchhausen.de\/index.php?rest_route=\/wp\/v2\/users\/1"}],"replies":[{"embeddable":true,"href":"https:\/\/ugl-muenchhausen.de\/index.php?rest_route=%2Fwp%2Fv2%2Fcomments&post=623"}],"version-history":[{"count":2,"href":"https:\/\/ugl-muenchhausen.de\/index.php?rest_route=\/wp\/v2\/pages\/623\/revisions"}],"predecessor-version":[{"id":627,"href":"https:\/\/ugl-muenchhausen.de\/index.php?rest_route=\/wp\/v2\/pages\/623\/revisions\/627"}],"up":[{"embeddable":true,"href":"https:\/\/ugl-muenchhausen.de\/index.php?rest_route=\/wp\/v2\/pages\/526"}],"wp:attachment":[{"href":"https:\/\/ugl-muenchhausen.de\/index.php?rest_route=%2Fwp%2Fv2%2Fmedia&parent=623"}],"wp:term":[{"taxonomy":"category","embeddable":true,"href":"https:\/\/ugl-muenchhausen.de\/index.php?rest_route=%2Fwp%2Fv2%2Fcategories&post=623"},{"taxonomy":"post_tag","embeddable":true,"href":"https:\/\/ugl-muenchhausen.de\/index.php?rest_route=%2Fwp%2Fv2%2Ftags&post=623"}],"curies":[{"name":"wp","href":"https:\/\/api.w.org\/{rel}","templated":true}]}}